{"id":1020,"date":"2016-01-15T11:29:33","date_gmt":"2016-01-15T11:29:33","guid":{"rendered":"http:\/\/www.jetztzeichensetzen.at\/?page_id=1020"},"modified":"2016-01-23T10:01:37","modified_gmt":"2016-01-23T10:01:37","slug":"cake-of-shame-2","status":"publish","type":"page","link":"http:\/\/www.jetztzeichensetzen.at\/?page_id=1020","title":{"rendered":"Cake of Shame"},"content":{"rendered":"<ul>\n<br \/><strong>CAKE OF SHAME II<\/strong><\/ul>\n<p><b>B\u00fcndnis \u201eJetzt Zeichen setzen\u201c spendiert \u201eCake of Shame\u201c vor Hotel de France<br \/>\nRepr\u00e4sentative R\u00e4ume der Republik d\u00fcrfen nicht als Ort f\u00fcr Vernetzung europ\u00e4ischer RechtsextremistInnen dienen!<\/b><\/p>\n<p>Dieses Jahr f\u00f6rdert Gerstner Imperial Hotels &#038; Residences, als einer der Gesellschafter der Hofburg Betriebsgesellschaft m.b.H. und Betreiber zahlreicher Hotels in \u00d6sterreich und Tschechien, den  FP-Akademiker &#8211; fr\u00fcher WKR, &#8211; Ball ganz besonders. Das B\u00fcndnis \u201eJetzt Zeichen setzen\u201c fordert die Gesellschafter auf dagegen einzutreten, dass die Wiener Hofburg, die repr\u00e4sentativ f\u00fcr die Republik \u00d6sterreich steht, der rechtsextremen Szene aus \u00d6sterreich und ganz Europa zur Vernetzung zur Verf\u00fcgung gestellt wird.<\/p>\n<p>In einer Zeit, wo antisemitische und rassistische \u00dcbergriffe massiv ansteigen, wo Menschen durch HetzerInnen wieder nach ihrer Herkunft, ihrer Hautfarbe oder ihrer Religionszugeh\u00f6rigkeit auseinanderdividiert werden, ist Zivilcourage gefragt. \u201eGerade jetzt, ist es Zeit, dass die Gesellschafter der Hofburg Betriebsgesellschaft ein Zeichen f\u00fcr Demokratie und Menschenrechte setzen\u201c, so das B\u00fcndnis.<\/p>\n<p>Als Zeichen dieses Appells f\u00fcr Vielfalt und Menschenrechte spendiert das B\u00fcndnis \u201eJetzt Zeichen setzen\u201c am 22. J\u00e4nner um 10:30 Uhr vor dem Hotel de France die \u201eCake of Shame\u201c. Denn es sei eine Schande f\u00fcr \u00d6sterreich, wenn die Wiener Hofburg zentraler Treffpunkt der extremen Rechten bleibe und deshalb seien auch die Betriebsgesellschafter zur Verantwortung zu ziehen.<\/p>\n<p><a href=\"http:\/\/www.ots.at\/presseaussendung\/OTS_20160121_OTS0012\/buendnis-jetzt-zeichen-setzen-spendiert-cake-of-shame-vor-hotelde-france\">Pressemeldung<\/a><\/p>\n<p>R\u00fcckfragen &#038; Kontakt:<\/p>\n<p>&#8222;Jetzt Zeichen Setzen&#8220;<br \/>\nNiki Kunrath<br \/>\nTel: 0664 5000 799<\/p>\n<div id=\"attachment_1148\" style=\"width: 310px\" class=\"wp-caption alignnone\"><img aria-describedby=\"caption-attachment-1148\" loading=\"lazy\" src=\"http:\/\/www.jetztzeichensetzen.at\/wp-content\/uploads\/2016\/01\/CakeofshameII-300x169.jpg\" alt=\"\u00a9 Niki Kunrath\" width=\"300\" height=\"169\" class=\"size-medium wp-image-1148\" srcset=\"http:\/\/www.jetztzeichensetzen.at\/wp-content\/uploads\/2016\/01\/CakeofshameII-300x169.jpg 300w, http:\/\/www.jetztzeichensetzen.at\/wp-content\/uploads\/2016\/01\/CakeofshameII-500x281.jpg 500w, http:\/\/www.jetztzeichensetzen.at\/wp-content\/uploads\/2016\/01\/CakeofshameII.jpg 960w\" sizes=\"(max-width: 300px) 100vw, 300px\" \/><p id=\"caption-attachment-1148\" class=\"wp-caption-text\">\u00a9 Niki Kunrath<\/p><\/div>\n<p><\/p>\n<ul>\n<br \/><strong>CAKE OF SHAME I<\/strong><\/ul>\n<p><b>B\u00fcndnis \u201eJetzt Zeichen setzen\u201c spendiert \u201eCake of Shame\u201c vorm Hotel Sacher &#8211; Repr\u00e4sentative R\u00e4ume der Republik d\u00fcrfen nicht als Ort f\u00fcr die Vernetzung europ\u00e4ischer RechtsextremistInnen dienen!<\/b><\/p>\n<p>Dieses Jahr startet das B\u00fcndnis \u201eJetzt Zeichen setzen\u201c den \u201eWalk of Shame\u201c wieder vor dem Hotel Sacher. Das Hotel Sacher ist einer der Gesellschafter der Wiener Kongresszentrum Hofburg Betriebsgesellschaft m.b.H.. Das B\u00fcndnis fordert die Gesellschafter auf dagegen einzutreten, dass die Wiener Hofburg \u2013 R\u00e4ume der Republik der rechtsextremen Szene aus \u00d6sterreich und ganz Europa zur Vernetzung zur Verf\u00fcgung stellt.<\/p>\n<p>In einer Zeit, wo antisemtische und rassistische \u00dcbergriffe massiv ansteigen, wo Menschen durch HetzerInnen wieder nach ihrer Herkunft, ihrer Hautfarbe, ihrer Religionszugeh\u00f6rigkeit auseinanderdividiert werden und \u00c4ngste gesch\u00fcrt werden, ist Zivilcourage gefragt. \u201eGerade jetzt, ist es Zeit, dass die Gesellschafter der Hofburg Betriebsgesellschaft m.b.H. ein Zeichen f\u00fcr Demokratie und Menschenrechte setzen\u201c, so das B\u00fcndnis.<\/p>\n<p>Als Zeichen dieses Appells f\u00fcr Vielfalt und Menschenrechte spendiert das B\u00fcndnis \u201eJetzt Zeichen setzen\u201c am 29.12.2015 um 11:00 Uhr vor dem Hotel Sacher den \u201eCake of Shame\u201c. Es ist eine Schande f\u00fcr \u00d6sterreich, wenn die Wiener Hofburg zentraler Treffpunkt f\u00fcr die Vernetzung der extremen Rechten bleibt.<\/p>\n<p>&nbsp;<\/p>\n<p><a title=\"Pressemeldung\" href=\"http:\/\/www.ots.at\/presseaussendung\/OTS_20151228_OTS0052\/buendnis-jetzt-zeichen-setzen-spendiert-cake-of-shame-vor-dem-hotel-sacher\" target=\"_blank\">Pressemeldung<\/a><\/p>\n<p>&nbsp;<\/p>\n<p>R\u00fcckfragen:<\/p>\n<p>B\u00fcndnis Jetzt Zeichen Setzen<\/p>\n<p>Niki Kunrath<\/p>\n<p>Tel. 0664\/5000799<\/p>\n<div id=\"attachment_1147\" style=\"width: 310px\" class=\"wp-caption alignnone\"><img aria-describedby=\"caption-attachment-1147\" loading=\"lazy\" src=\"http:\/\/www.jetztzeichensetzen.at\/wp-content\/uploads\/2016\/01\/cakeofshame_web1-300x200.jpg\" alt=\"\u00a9 Die Gr\u00fcnen Wien\" width=\"300\" height=\"200\" class=\"size-medium wp-image-1147\" srcset=\"http:\/\/www.jetztzeichensetzen.at\/wp-content\/uploads\/2016\/01\/cakeofshame_web1-300x200.jpg 300w, http:\/\/www.jetztzeichensetzen.at\/wp-content\/uploads\/2016\/01\/cakeofshame_web1-500x333.jpg 500w, http:\/\/www.jetztzeichensetzen.at\/wp-content\/uploads\/2016\/01\/cakeofshame_web1.jpg 900w\" sizes=\"(max-width: 300px) 100vw, 300px\" \/><p id=\"caption-attachment-1147\" class=\"wp-caption-text\">\u00a9 Die Gr\u00fcnen Wien<\/p><\/div>\n","protected":false},"excerpt":{"rendered":"<p>CAKE OF SHAME II B\u00fcndnis \u201eJetzt Zeichen setzen\u201c spendiert \u201eCake of Shame\u201c vor Hotel de France Repr\u00e4sentative R\u00e4ume der Republik d\u00fcrfen nicht als Ort f\u00fcr Vernetzung europ\u00e4ischer RechtsextremistInnen dienen! Dieses Jahr f\u00f6rdert Gerstner Imperial Hotels &amp; Residences, als einer der Gesellschafter der Hofburg Betriebsgesellschaft m.b.H. und Betreiber zahlreicher Hotels in \u00d6sterreich und Tschechien, den FP-Akademiker [\u2026]<\/p>\n","protected":false},"author":1,"featured_media":0,"parent":0,"menu_order":0,"comment_status":"closed","ping_status":"closed","template":"","meta":[],"_links":{"self":[{"href":"http:\/\/www.jetztzeichensetzen.at\/index.php?rest_route=\/wp\/v2\/pages\/1020"}],"collection":[{"href":"http:\/\/www.jetztzeichensetzen.at\/index.php?rest_route=\/wp\/v2\/pages"}],"about":[{"href":"http:\/\/www.jetztzeichensetzen.at\/index.php?rest_route=\/wp\/v2\/types\/page"}],"author":[{"embeddable":true,"href":"http:\/\/www.jetztzeichensetzen.at\/index.php?rest_route=\/wp\/v2\/users\/1"}],"replies":[{"embeddable":true,"href":"http:\/\/www.jetztzeichensetzen.at\/index.php?rest_route=%2Fwp%2Fv2%2Fcomments&post=1020"}],"version-history":[{"count":25,"href":"http:\/\/www.jetztzeichensetzen.at\/index.php?rest_route=\/wp\/v2\/pages\/1020\/revisions"}],"predecessor-version":[{"id":1149,"href":"http:\/\/www.jetztzeichensetzen.at\/index.php?rest_route=\/wp\/v2\/pages\/1020\/revisions\/1149"}],"wp:attachment":[{"href":"http:\/\/www.jetztzeichensetzen.at\/index.php?rest_route=%2Fwp%2Fv2%2Fmedia&parent=1020"}],"curies":[{"name":"wp","href":"https:\/\/api.w.org\/{rel}","templated":true}]}}