{"id":1039,"date":"2016-01-15T12:48:57","date_gmt":"2016-01-15T12:48:57","guid":{"rendered":"http:\/\/www.jetztzeichensetzen.at\/?page_id=1039"},"modified":"2016-01-30T08:35:37","modified_gmt":"2016-01-30T08:35:37","slug":"aufruftext-zur-veranstaltung-am-29-janner-2016","status":"publish","type":"page","link":"http:\/\/www.jetztzeichensetzen.at\/?page_id=1039","title":{"rendered":"Kein Salon dem Rechtsextremismus am 29. J\u00e4nner 2016"},"content":{"rendered":"<h2 style=\"text-align: center;\"><strong>KUNDGEBUNG<br \/>\nKein Salon dem Rechtsextremismus!<br \/>\nKein Salon den Ideolog_innen der Ungleichwertigkeit!<\/strong><\/h2>\n<p>Wir erleben eine Zeit, in der Hetze gegen Gefl\u00fcchtete, gegen Migrant_innen, gegen J\u00fcdinnen und Juden, gegen Muslim_innen und andere durch Herkunft, Hautfarbe, Religionszugeh\u00f6rigkeit, sexuelle Orientierung oder Geschlecht definierte Menschen enorm zugenommen hat. Die Vertreter_innen von Ideologien der Ungleichwertigkeit versp\u00fcren politischen Aufwind. Einige haben es in hohe \u00c4mter geschafft.<\/p>\n<p>So wurde in Wien der in rechtsextremen Kreisen verkehrende und f\u00fcr seine politischen Hasspredigten bekannte schlagende Burschenschafter Johann Gudenus in die Position des nichtamtsf\u00fchrenden Vizeb\u00fcrgermeisters gew\u00e4hlt. In Ober\u00f6sterreich ist Manfred Haimbuchner trotz seiner Forderung nach Diskriminierung von Muslim_innen vom ober\u00f6sterreichischen Landeshauptmann Josef P\u00fchringer zum Regierungspartner gemacht worden. Im Burgenland hat Landeshauptmann Hans Niessl die FP\u00d6 in die Regierung geholt.<\/p>\n<p>Diese Entwicklung ist alarmierend. Das Auseinanderdividieren von Menschen nach Herkunft, Hautfarbe oder Religionszugeh\u00f6rigkeit droht zu einem Teil der politischen Normalit\u00e4t in \u00d6sterreich zu werden. Dem wollen wir uns auf vielen Ebenen entgegenstellen. Auch in Bezug auf die skandal\u00f6se Vergabe der Repr\u00e4sentationsr\u00e4ume der Republik f\u00fcr die Vernetzung von Rechtsextremen aus \u00d6sterreich und Europa.<\/p>\n<p><strong>Wir sagen: Rechtsextremismus darf nicht salonf\u00e4hig sein! Ideologien der Ungleichwertigkeit d\u00fcrfen nicht zur Normalit\u00e4t werden!<\/strong><\/p>\n<p>Der zum vierten Mal von der Wiener FP\u00d6 ausgerichtete \u201eAkademikerball\u201c, der vormals WKR-Ball hie\u00df und vom Dachverband der Wiener deutschnationalen Burschenschaften organisiert wurde, ist zentraler Treffpunkt f\u00fcr die Vernetzung der extremen Rechten geworden. Sie kommen aus ganz Europa um mitten in Wien in der Hofburg ihre rechten Seilschaften zu kn\u00fcpfen.<\/p>\n<p>Diese \u201eTanzveranstaltung\u201c soll dem Rechtsextremismus in \u00d6sterreich und Europa einen harmlosen und legitimen Schein geben. Doch ungef\u00e4hrlich ist die extreme Rechte keineswegs. Die Zahl antisemitischer und rassistischer \u00dcbergriffe ist in \u00d6sterreich im vergangenen Jahr massiv angestiegen. Auch in anderen europ\u00e4ischen L\u00e4ndern erleben Nationalismus, antidemokratische und faschistische Parteien eine Renaissance.<br \/>\nWelcher Tradition die schlagenden Burschenschaften entspringen, f\u00fcr die der \u201cAkademikerball\u201c von der FP\u00d6 ausgerichtet wird, zeigt die Wiener Burschenschaft Teutonia, die aktuell den Vorsitz im Wiener Korporationsring (WKR) innehat. In den 90er Jahren kamen einige Kader des verbotenen neonazistischen Netzwerks \u2018VAPO\u2019 von Gottfried K\u00fcssel aus der Teutonia. 2012 verteilte sie w\u00fcste antisemitische Flugbl\u00e4tter, die sich gegen den damaligen Pr\u00e4sidenten der Israelitischen Kultusgemeinde (IKG) richteten, und sie agitierte 2014 gegen das neu errichtete Deserteursdenkmal.<\/p>\n<p>Solchen Ideologien darf die Republik nicht die Tore \u00f6ffnen. Auch 71 Jahre nach der Befreiung tr\u00e4gt die \u00f6sterreichische Gesellschaft Verantwortung f\u00fcr die NS-Verbrechen und daf\u00fcr, dass sie sich niemals wiederholen. Deswegen m\u00fcssen wir mehr tun als erinnern, wir m\u00fcssen antifaschistisch handeln!<\/p>\n<p><strong>Daher l\u00e4dt das B\u00fcndnis JETZT ZEICHEN SETZEN am Freitag, den 29.1.2016 um 19.00 Uhr am Heldenplatz zur Kundgebung unter dem Motto \u201eKein Salon dem Rechtsextremismus!\u201c ein. Wir fordern: Die R\u00e4ume der Republik sollen Veranstaltungen und Vernetzungsaktivit\u00e4ten der extrem Rechten keinen Platz mehr bieten!<\/strong><\/p>\n<p><strong>Moderation:<\/strong><br \/>\nSusanne Scholl<\/p>\n<p><strong>RednerInnen:<\/strong><br \/>\nErich Fenninger, Volkshilfe<br \/>\nMaria Mayerhofer, aufstehn.at<br \/>\nNasfie Jonuzi, Netzwerk Muslimische Zivilgesellschaft<br \/>\nAlbert Dlabaja, DOEW und Vorsitzender KZ-Verband Nieder\u00f6sterreich<br \/>\nMichaela Horvath, Volksgruppenaktivistin<br \/>\nTatjana Gabrielli, Freiheitsk\u00e4mpferInnen<br \/>\nUwe Sailer, Rechtsextremismusexperte<br \/>\nLucia Grabetz, Vorsitzende der \u00d6H un Mitorganisatorin bei Jetzt Zeichen Setzen!<\/p>\n<p><strong>Musik:<\/strong><br \/>\nAnimal Machine<br \/>\nAlbert Dlabaja und Rudi Burda<br \/>\nAt Pavillion<\/p>\n<p><strong><a href=\"http:\/\/www.jetztzeichensetzen.at\/?page_id=1119\" target=\"_blank\">Unterst\u00fctzerInnen f\u00fcr den 29. J\u00e4nner 2016<\/a><\/strong><\/p>\n<p><strong>Presseaussendung<\/strong> von Jetzt Zeichen Setzen! zur Werbung f\u00fcr den Akademikerball im antisemitischen Magazin Aula: <a href=\"http:\/\/www.ots.at\/presseaussendung\/OTS_20160120_OTS0013\/jetzt-zeichen-setzen-akademikerball-veranstalter-werben-in-antisemitischem-magazin\" target=\"_blank\">Presseaussendung 20. J\u00e4nner 2016<\/a><\/p>\n<p><strong>Beitrag<\/strong> im Kurier zum Akademikerball 2017 <a href=\"http:\/\/kurier.at\/chronik\/wien\/akademikerball-fpoe-tanzt-auch-2017-in-der-hofburg\/176.197.593\" target=\"_blank\">Beitrag im Online-Kurier vom 20. J\u00e4nner 2016<\/a> <\/p>\n","protected":false},"excerpt":{"rendered":"<p>KUNDGEBUNG Kein Salon dem Rechtsextremismus! Kein Salon den Ideolog_innen der Ungleichwertigkeit! Wir erleben eine Zeit, in der Hetze gegen Gefl\u00fcchtete, gegen Migrant_innen, gegen J\u00fcdinnen und Juden, gegen Muslim_innen und andere durch Herkunft, Hautfarbe, Religionszugeh\u00f6rigkeit, sexuelle Orientierung oder Geschlecht definierte Menschen enorm zugenommen hat. Die Vertreter_innen von Ideologien der Ungleichwertigkeit versp\u00fcren politischen Aufwind. Einige haben es [\u2026]<\/p>\n","protected":false},"author":1,"featured_media":0,"parent":0,"menu_order":0,"comment_status":"closed","ping_status":"closed","template":"","meta":[],"_links":{"self":[{"href":"http:\/\/www.jetztzeichensetzen.at\/index.php?rest_route=\/wp\/v2\/pages\/1039"}],"collection":[{"href":"http:\/\/www.jetztzeichensetzen.at\/index.php?rest_route=\/wp\/v2\/pages"}],"about":[{"href":"http:\/\/www.jetztzeichensetzen.at\/index.php?rest_route=\/wp\/v2\/types\/page"}],"author":[{"embeddable":true,"href":"http:\/\/www.jetztzeichensetzen.at\/index.php?rest_route=\/wp\/v2\/users\/1"}],"replies":[{"embeddable":true,"href":"http:\/\/www.jetztzeichensetzen.at\/index.php?rest_route=%2Fwp%2Fv2%2Fcomments&post=1039"}],"version-history":[{"count":41,"href":"http:\/\/www.jetztzeichensetzen.at\/index.php?rest_route=\/wp\/v2\/pages\/1039\/revisions"}],"predecessor-version":[{"id":1176,"href":"http:\/\/www.jetztzeichensetzen.at\/index.php?rest_route=\/wp\/v2\/pages\/1039\/revisions\/1176"}],"wp:attachment":[{"href":"http:\/\/www.jetztzeichensetzen.at\/index.php?rest_route=%2Fwp%2Fv2%2Fmedia&parent=1039"}],"curies":[{"name":"wp","href":"https:\/\/api.w.org\/{rel}","templated":true}]}}