{"id":1119,"date":"2016-01-21T09:03:42","date_gmt":"2016-01-21T09:03:42","guid":{"rendered":"http:\/\/www.jetztzeichensetzen.at\/?page_id=1119"},"modified":"2017-01-27T11:44:46","modified_gmt":"2017-01-27T11:44:46","slug":"unterstuetzerinnen-fuer-den-29-jaenner-2016","status":"publish","type":"page","link":"http:\/\/www.jetztzeichensetzen.at\/?page_id=1119","title":{"rendered":"Unterst\u00fctzerInnen f\u00fcr den 29. J\u00e4nner 2016"},"content":{"rendered":"<p><strong>Unterst\u00fctzerInnen f\u00fcr die Veranstaltung am 29. J\u00e4nner 2016<br \/>\n<\/strong><\/p>\n<p> Asyl in Not + AUGE\/UG &#8211; Alternative und Gr\u00fcne GewerkschafterInnen\/Unabh\u00e4ngige GewerkschafterInnen + Bundesjugendvertretung &#8211; BJV + Bund Sozialdemokratischer AkademikerInnen, Intellektueller K\u00fcnstlerInnen &#8211; BSA + Bund Sozialdemokratischer Freiheitsk\u00e4mpfer\/innen, Opfer des Faschismus und aktiver Antifaschist\/inn\/en + DAS B\u00dcNDNIS f\u00fcr Menschenrechte &#038; Zivilcourage &#8211; gegen Diskriminierung &#038; Extremismus + Helga und Gerhard Forster + Die Gr\u00fcnen + Die Gr\u00fcnen Frauen + Die Gr\u00fcnen Wien + Die Jungen Gr\u00fcnen + Doron Rabinovici + Fraktion Sozialdemokratischer GewerkschafterInnen Wien &#8211; FSG Wien + Gesellschaft f\u00fcr politische Aufkl\u00e4rung + GLB &#8211; Gewerkschaftlicher Linksblock im \u00d6BG + GPA-djp Jugend + Gr\u00fcne Bildungswerkstatt (GBW) Minderheiten + GRAS &#8211; Gr\u00fcne und Alternative StudentInnen + Gr\u00fcne SeniorInnen Wien + Initiative Liberaler Muslime \u00d6sterreich &#8211; ILM\u00d6 + IM-MER Maly Trostinec erinnern + Koordinierungsausschuss f\u00fcr christlich-j\u00fcdische Zusammenarbeit + Junge Generation in der SP\u00d6 + Katharina Stemberger + KP\u00d6 &#8211; Kommunistische Partei \u00d6sterreich + KZ-Vereinigung Buchenwald + Lagergemeinschaft Flossenb\u00fcrg + Literaturhaus Wien + Martin J\u00e4ggle + Mauthausen Komitee \u00d6sterreich &#8211; MK\u00d6 &#8211; O\u00d6. Netzwerk gegen Rassismus und Rechtsextremismus + \u00d6kumenischer Rat der Kirchen +  \u00d6sterreichische Gewerkschaftsjugend &#8211; \u00d6GJ + \u00d6sterreichische Hochsch\u00fclerInnenschaft &#8211; \u00d6H Bundesvertretung + \u00d6H Universit\u00e4t Wien + \u00d6sterreichisch-Israelische Gesellschaft + \u00d6sterreichische Lagergemeinschaft Ravensbr\u00fcck und FreundInnen + Republikanischer Club &#8211; Neues \u00d6sterreich + SJ\u00d6 + SJ\u00d6-Wien + SOS Mitmensch + SP\u00d6 Frauen + SP\u00d6-Wien + SP\u00d6 Wiener Bildung + Verein GEDENKDIENST + Verein Integrationshaus + Volkshilfe \u00d6sterreich + VSST\u00d6 + Zara &#8211; Verein f\u00fcr Zivilcourage und Antirassismus + Wiener KZ-Verband + ZPC-Loge der B&#8217;nai B&#8217;rith<\/p>\n","protected":false},"excerpt":{"rendered":"<p>Unterst\u00fctzerInnen f\u00fcr die Veranstaltung am 29. J\u00e4nner 2016 Asyl in Not + AUGE\/UG \u2013 Alternative und Gr\u00fcne GewerkschafterInnen\/Unabh\u00e4ngige GewerkschafterInnen + Bundesjugendvertretung \u2013 BJV + Bund Sozialdemokratischer AkademikerInnen, Intellektueller K\u00fcnstlerInnen \u2013 BSA + Bund Sozialdemokratischer Freiheitsk\u00e4mpfer\/innen, Opfer des Faschismus und aktiver Antifaschist\/inn\/en + DAS B\u00dcNDNIS f\u00fcr Menschenrechte &amp; Zivilcourage \u2013 gegen Diskriminierung &amp; Extremismus + Helga [\u2026]<\/p>\n","protected":false},"author":1,"featured_media":0,"parent":0,"menu_order":0,"comment_status":"closed","ping_status":"closed","template":"","meta":[],"_links":{"self":[{"href":"http:\/\/www.jetztzeichensetzen.at\/index.php?rest_route=\/wp\/v2\/pages\/1119"}],"collection":[{"href":"http:\/\/www.jetztzeichensetzen.at\/index.php?rest_route=\/wp\/v2\/pages"}],"about":[{"href":"http:\/\/www.jetztzeichensetzen.at\/index.php?rest_route=\/wp\/v2\/types\/page"}],"author":[{"embeddable":true,"href":"http:\/\/www.jetztzeichensetzen.at\/index.php?rest_route=\/wp\/v2\/users\/1"}],"replies":[{"embeddable":true,"href":"http:\/\/www.jetztzeichensetzen.at\/index.php?rest_route=%2Fwp%2Fv2%2Fcomments&post=1119"}],"version-history":[{"count":4,"href":"http:\/\/www.jetztzeichensetzen.at\/index.php?rest_route=\/wp\/v2\/pages\/1119\/revisions"}],"predecessor-version":[{"id":1224,"href":"http:\/\/www.jetztzeichensetzen.at\/index.php?rest_route=\/wp\/v2\/pages\/1119\/revisions\/1224"}],"wp:attachment":[{"href":"http:\/\/www.jetztzeichensetzen.at\/index.php?rest_route=%2Fwp%2Fv2%2Fmedia&parent=1119"}],"curies":[{"name":"wp","href":"https:\/\/api.w.org\/{rel}","templated":true}]}}