{"id":1195,"date":"2017-01-03T13:52:00","date_gmt":"2017-01-03T13:52:00","guid":{"rendered":"http:\/\/www.jetztzeichensetzen.at\/?page_id=1195"},"modified":"2018-01-05T10:51:44","modified_gmt":"2018-01-05T10:51:44","slug":"gedenkveranstaltung-am-27-jaenner-2017","status":"publish","type":"page","link":"http:\/\/www.jetztzeichensetzen.at\/?page_id=1195","title":{"rendered":"Gedenkveranstaltung am 27. J\u00e4nner 2017"},"content":{"rendered":"<p><strong>72 Jahre nach Kriegsende: Kein Wiedererstarken von Ideologien der Ungleichwertigkeit!<\/strong><\/p>\n<p>Im Jahr 2017 j\u00e4hrt sich die Befreiung der Konzentrations- und Vernichtungslager des NS-Regimes durch die Rote Armee zum zweiundsiebzigsten Mal. Als breites zivilgesellschaftliches B\u00fcndnis \u201eJetzt Zeichen setzen\u201c wollen wir der Opfer des Holocausts gedenken und an die nationalsozialistischen Verbrechen erinnern.<\/p>\n<p>Am 27. J\u00e4nner 1945 wurde das Konzentrations- und Vernichtungslager Auschwitz-Birkenau von der Roten Armee befreit. Die Befreiung erfolgte zu sp\u00e4t \u2013 viel zu sp\u00e4t. Bis dahin wurden in Auschwitz 1,1 Millionen Menschen von \u00f6sterreichischen und deutschen Nazis ermordet: mehr als 1 Million Menschen, die als J\u00fcdinnen und Juden verfolgt wurden, 21.000 Angeh\u00f6rige von Romagruppen, 15.000 sowjetische Kriegsgefangene und mehr als 80.000 aus politischen und anderen Gr\u00fcnden nach Auschwitz Deportierte. Stellvertretend f\u00fcr alle Orte des Holocausts wurde das Datum der Auschwitz-Befreiung von der UNO als Internationaler Tag des Gedenkens an die Opfer des Holocaust ausgerufen.<\/p>\n<p>Auch 72 Jahre nach der Befreiung tragen wir eine gesellschaftliche Verantwortung f\u00fcr das Geschehene und wollen daran erinnern, damit so etwas nie wieder geschehen kann. Doch wir wollen nicht nur Verantwortung f\u00fcr die Vergangenheit \u00fcbernehmen, sondern auch in der Gegenwart und f\u00fcr unsere Zukunft. Wir m\u00fcssen laut sein, wenn Menschen ausgegrenzt, wenn Schwache ihrer Menschenrechte beraubt, wenn Menschen instrumentalisiert werden.<\/p>\n<p>Setzen wir gemeinsam ein Zeichen gegen Antisemitismus, Rassismus, Menschenhass und Ausgrenzung.<\/p>\n<p>Datum: 27. J\u00e4nner. 2017<br \/>\nOrt: 1010 Wien, Heldenplatz beim Weiheraum des \u00e4u\u00dferen Burgtors<br \/>\nBeginn: 10:00<\/p>\n<p><strong>Moderation:<\/strong><br \/>\nKatharina Stemberger<\/p>\n<p><strong>Geb\u00e4rdendolmetsch:<\/strong><br \/>\nDaniel Schmid<\/p>\n<p><strong>RednerInnen:<\/strong><br \/>\nJulia Herr, Bundesjugendvertretung<br \/>\nOskar Deutsch, Pr\u00e4sident der IKG Wien<br \/>\nK\u00e4the Sasso, Zeitzeugin &#8211; Tex gesprochen von Petra Bayr, SP\u00d6<br \/>\nMartin Margulies, Gr\u00fcne Wien<br \/>\nAndreas Mailath-Pokorny, Kulturstadtrat Wien<\/p>\n<p><strong>musikalisches Programm:<\/strong><br \/>\nJ\u00fcdischer Chor Wien<\/p>\n","protected":false},"excerpt":{"rendered":"<p>72 Jahre nach Kriegsende: Kein Wiedererstarken von Ideologien der Ungleichwertigkeit! Im Jahr 2017 j\u00e4hrt sich die Befreiung der Konzentrations- und Vernichtungslager des NS-Regimes durch die Rote Armee zum zweiundsiebzigsten Mal. Als breites zivilgesellschaftliches B\u00fcndnis \u201eJetzt Zeichen setzen\u201c wollen wir der Opfer des Holocausts gedenken und an die nationalsozialistischen Verbrechen erinnern. Am 27. J\u00e4nner 1945 wurde [\u2026]<\/p>\n","protected":false},"author":1,"featured_media":0,"parent":0,"menu_order":0,"comment_status":"closed","ping_status":"closed","template":"","meta":[],"_links":{"self":[{"href":"http:\/\/www.jetztzeichensetzen.at\/index.php?rest_route=\/wp\/v2\/pages\/1195"}],"collection":[{"href":"http:\/\/www.jetztzeichensetzen.at\/index.php?rest_route=\/wp\/v2\/pages"}],"about":[{"href":"http:\/\/www.jetztzeichensetzen.at\/index.php?rest_route=\/wp\/v2\/types\/page"}],"author":[{"embeddable":true,"href":"http:\/\/www.jetztzeichensetzen.at\/index.php?rest_route=\/wp\/v2\/users\/1"}],"replies":[{"embeddable":true,"href":"http:\/\/www.jetztzeichensetzen.at\/index.php?rest_route=%2Fwp%2Fv2%2Fcomments&post=1195"}],"version-history":[{"count":11,"href":"http:\/\/www.jetztzeichensetzen.at\/index.php?rest_route=\/wp\/v2\/pages\/1195\/revisions"}],"predecessor-version":[{"id":1257,"href":"http:\/\/www.jetztzeichensetzen.at\/index.php?rest_route=\/wp\/v2\/pages\/1195\/revisions\/1257"}],"wp:attachment":[{"href":"http:\/\/www.jetztzeichensetzen.at\/index.php?rest_route=%2Fwp%2Fv2%2Fmedia&parent=1195"}],"curies":[{"name":"wp","href":"https:\/\/api.w.org\/{rel}","templated":true}]}}