{"id":1303,"date":"2019-12-26T15:44:06","date_gmt":"2019-12-26T15:44:06","guid":{"rendered":"http:\/\/www.jetztzeichensetzen.at\/?page_id=1303"},"modified":"2019-12-26T15:44:06","modified_gmt":"2019-12-26T15:44:06","slug":"niemals-vergessen-antisemitismus-ohne-wenn-und-aber-bekaempfen-gedenkveranstaltung-am-27-januar-2020-um-18-00-uhr-am-heldenplatz","status":"publish","type":"page","link":"http:\/\/www.jetztzeichensetzen.at\/?page_id=1303","title":{"rendered":"Niemals vergessen: Antisemitismus ohne Wenn und Aber bek\u00e4mpfen! Gedenkveranstaltung am 27. Januar 2020 um 18.00 Uhr am Heldenplatz"},"content":{"rendered":"\n<p>Der Anschlag auf\ndie Synagoge in Halle im Herbst 2019 steht stellvertretend f\u00fcr das gef\u00e4hrliche Weiterbestehen\ndes Antisemitismus in Europa und die m\u00f6rderischen Konsequenzen dieser\nzerst\u00f6rerischen Ideologie. <\/p>\n\n\n\n<p>In den vergangenen Jahren verzeichneten j\u00fcdische Gemeinden\nin vielen L\u00e4ndern Europas eine besorgniserregende Zunahme antisemitischer\nVorf\u00e4lle, von Beschmierungen \u00fcber Hasspostings und Hassreden bis hin zu\nphysischen Attacken auf Menschen und Menschenleben. Wie die umfassenden\nErhebungen der Agentur der Europ\u00e4ischen Union f\u00fcr Grundrechte (FRA) aus den\nJahren 2012 und 2018 zu Diskriminierung und Hasskriminalit\u00e4t gegen\u00fcber J\u00fcdinnen\nund Juden in der EU zeigen, hindert das Fortbestehen und die Verbreitung des\nAntisemitismus die Menschen daran, offen ein j\u00fcdisches Leben f\u00fchren zu k\u00f6nnen,\ndas frei von \u00c4ngsten um ihre Sicherheit und ihr Wohlbefinden ist. Auch in\n\u00d6sterreich gab es eine Zunahme an Vorf\u00e4llen.<\/p>\n\n\n\n<p>Auch politisch\nlebt der Antisemitismus weiter. Das zeigen nicht zuletzt die aufgedeckten\nantisemitischen, rassistischen und sexistischen Liederb\u00fccher einiger\n\u00f6sterreichischer Burschenschaften. Vertreter solcher Burschenschaften sitzen\nungeniert im \u00f6sterreichischen Nationalrat und in Landtagen.<\/p>\n\n\n\n<p>Wir d\u00fcrfen diesen\nwieder auflebenden Antisemitismus weder sprach- noch tatenlos hinnehmen! Der\nGedenktag am 27. J\u00e4nner, an dem sich die Befreiung des Konzentrations- und\nVernichtungslagers Auschwitz-Birkenau durch die Rote Armee zum 75. Mal j\u00e4hrt, soll\ndaher ganz im Zeichen des Kampfes gegen Antisemitismus stehen. <\/p>\n\n\n\n<p>Wir wollen den\nGedenktag nutzen, um einzufordern, dass der Hass auf J\u00fcdinnen und Juden in all\nseinen Auspr\u00e4gungen von der Politik, den Medien und der Gesellschaft als Ganzes\nbek\u00e4mpft werden muss \u2013 ohne Wenn und Aber!<\/p>\n\n\n\n<p>Gemeinsam setzen\nwir am Wiener Heldenplatz ein Zeichen f\u00fcr das Wachhalten der Erinnerung und f\u00fcr\nden Kampf f\u00fcr ein Europa ohne Antisemitismus!<\/p>\n\n\n\n<p>*******<\/p>\n\n\n\n<p><br><strong>Programm<\/strong><br> Reden von <\/p>\n\n\n\n<ul><li>Susanne Bock, Zeitzeugin; <\/li><li>ein Sprecher der Israelitischen Kultusgemeinde;<\/li><li>Lara Gilkarov, J\u00fcdische \u00f6sterreichische Hochsch\u00fclerschaft<\/li><\/ul>\n\n\n\n<p>Berichte \u00fcber j\u00fcngste antisemitische Vorf\u00e4lle in \u00d6sterreich Beginn: 18:00<br> Ort: Heldenplatz beim Burgtor  <\/p>\n\n\n\n<p>Moderation: Katharina Stemberger&nbsp;&nbsp; <br>Geb\u00e4rdendolmetsch: Sabine Zeller&nbsp;&nbsp;&nbsp; <\/p>\n","protected":false},"excerpt":{"rendered":"<p>Der Anschlag auf die Synagoge in Halle im Herbst 2019 steht stellvertretend f\u00fcr das gef\u00e4hrliche Weiterbestehen des Antisemitismus in Europa und die m\u00f6rderischen Konsequenzen dieser zerst\u00f6rerischen Ideologie. In den vergangenen Jahren verzeichneten j\u00fcdische Gemeinden in vielen L\u00e4ndern Europas eine besorgniserregende Zunahme antisemitischer Vorf\u00e4lle, von Beschmierungen \u00fcber Hasspostings und Hassreden bis hin zu physischen Attacken auf [\u2026]<\/p>\n","protected":false},"author":1,"featured_media":0,"parent":0,"menu_order":0,"comment_status":"closed","ping_status":"closed","template":"","meta":[],"_links":{"self":[{"href":"http:\/\/www.jetztzeichensetzen.at\/index.php?rest_route=\/wp\/v2\/pages\/1303"}],"collection":[{"href":"http:\/\/www.jetztzeichensetzen.at\/index.php?rest_route=\/wp\/v2\/pages"}],"about":[{"href":"http:\/\/www.jetztzeichensetzen.at\/index.php?rest_route=\/wp\/v2\/types\/page"}],"author":[{"embeddable":true,"href":"http:\/\/www.jetztzeichensetzen.at\/index.php?rest_route=\/wp\/v2\/users\/1"}],"replies":[{"embeddable":true,"href":"http:\/\/www.jetztzeichensetzen.at\/index.php?rest_route=%2Fwp%2Fv2%2Fcomments&post=1303"}],"version-history":[{"count":1,"href":"http:\/\/www.jetztzeichensetzen.at\/index.php?rest_route=\/wp\/v2\/pages\/1303\/revisions"}],"predecessor-version":[{"id":1304,"href":"http:\/\/www.jetztzeichensetzen.at\/index.php?rest_route=\/wp\/v2\/pages\/1303\/revisions\/1304"}],"wp:attachment":[{"href":"http:\/\/www.jetztzeichensetzen.at\/index.php?rest_route=%2Fwp%2Fv2%2Fmedia&parent=1303"}],"curies":[{"name":"wp","href":"https:\/\/api.w.org\/{rel}","templated":true}]}}