{"id":14,"date":"2011-12-19T18:20:04","date_gmt":"2011-12-19T18:20:04","guid":{"rendered":"http:\/\/www.jetztzeichensetzen.at\/?page_id=14"},"modified":"2012-09-07T09:59:26","modified_gmt":"2012-09-07T09:59:26","slug":"unterstutzerinnen","status":"publish","type":"page","link":"http:\/\/www.jetztzeichensetzen.at\/?page_id=14","title":{"rendered":"Unterst\u00fctzerInnen"},"content":{"rendered":"<p><strong>Tag der Befreiung, 8. Mail 2012<\/strong><\/p>\n<p><strong>Personen:<\/strong><\/p>\n<p>-Maximilian Gottschlich<br \/>\n-Martin J\u00e4ggle<br \/>\n-Magdalena Knapp-Menzel<br \/>\n-Doron Rabinovici<br \/>\n-Gerhard Ruiss<br \/>\n-Robert Sperling<br \/>\n-Heidemarie Uhl<br \/>\n-David Vyssoki<\/p>\n<p><\/p>\n<p><strong>Organisationen:<\/strong><\/p>\n<p>-Asyl in Not<br \/>\n-AUGE\/UG &#8211; Alternative und Gr\u00fcne GewerkschafterInnen\/Unabh\u00e4ngige GewerkschafterInnen<br \/>\n-Bund j\u00fcdischer Verfolgter des Naziregimes und Aktivisten gegen Antisemitismus<br \/>\n-Bundesverband \u00f6sterreichischer AntifaschistInnen, Widerstandsk\u00e4mpferInnen und Opfer des Faschismus (KZ-Verband &#8211; VdA)<br \/>&#8211; Bund Sozialdemokratischer Feiheitsk\u00e4mpfer\/innen, Opfer des Faschismus und aktiver Antifaschist\/inn\/en<br \/>\n-Bund sozialdemokratischer Juden &#8211; Avodah<br \/>\n-CHAJ &#8211; j\u00fcdisches Leben<br \/>\n-Die Gr\u00fcnen Wien<br \/>\n-Die GR\u00dcNEN<br \/>\n-GPA-djp Jugend<br \/>\n-Grazer Autorinnen Autorenversammlung<br \/>&#8211; Homosexuelle Initiative (HOSI) Wien, 1. Lesben- und Schwulenverband \u00d6sterreichs<br \/>\n-IG Autorinnen Autoren<br \/>\n-Israelitische Kultusgemeinde<br \/>\n-Katholische Aktion \u00d6sterreich<br \/>\n-Koordinierungsausschuss f\u00fcr christlich-j\u00fcdische Zusammenarbeit<br \/>\n-Mauthausen Komitee \u00d6sterreich<br \/>\n-\u00d6IG &#8211; \u00d6sterreichisch-Israelische Gesellschaft<br \/>\n-\u00d6sterreichische Hochsch\u00fclerInnenschaft (\u00d6H) Bundesvertretung<br \/>\n-\u00d6sterreichische KZ-Vereinigung Buchenwald<br \/>\n-\u00d6sterreichische Lagergemeinschaft Ravensbr\u00fcck &#038; FreundInnen<br \/>\n-O\u00d6. Netzwerk gegen Rassismus und Rechtsextremismus (Antifa-Netzwerk)<br \/>\n-Republikanischer Club &#8211; Neues \u00d6sterreich<br \/>\n-Sakya Tsechen Changchub Ling &#8211; Buddhistisches Zentrum Bad Gams<br \/>\n-SOS Mitmensch<br \/>\n-Sozialistische Jugend \u00d6sterreich<br \/>\n-SP\u00d6 Wien<br \/>\n-SP\u00d6<br \/>\n-Verein GEDENKDIENST<br \/>\n-Verein zur F\u00f6rderung interkultureller Begegnung<br \/>\n-Vernetzungsplattform der \u00d6sterreichischen Lagergemeinschaften<br \/>\n-WeinViertelConsulting<br \/>\n-ZPCLoge der Bnai Brith<\/p>\n","protected":false},"excerpt":{"rendered":"<p>Tag der Befreiung, 8. Mail 2012 Personen: -Maximilian Gottschlich -Martin J\u00e4ggle -Magdalena Knapp-Menzel -Doron Rabinovici -Gerhard Ruiss -Robert Sperling -Heidemarie Uhl -David Vyssoki Organisationen: -Asyl in Not -AUGE\/UG \u2013 Alternative und Gr\u00fcne GewerkschafterInnen\/Unabh\u00e4ngige GewerkschafterInnen -Bund j\u00fcdischer Verfolgter des Naziregimes und Aktivisten gegen Antisemitismus -Bundesverband \u00f6sterreichischer AntifaschistInnen, Widerstandsk\u00e4mpferInnen und Opfer des Faschismus (KZ-Verband \u2013 VdA)\u2013 Bund [\u2026]<\/p>\n","protected":false},"author":1,"featured_media":0,"parent":222,"menu_order":0,"comment_status":"open","ping_status":"open","template":"","meta":[],"_links":{"self":[{"href":"http:\/\/www.jetztzeichensetzen.at\/index.php?rest_route=\/wp\/v2\/pages\/14"}],"collection":[{"href":"http:\/\/www.jetztzeichensetzen.at\/index.php?rest_route=\/wp\/v2\/pages"}],"about":[{"href":"http:\/\/www.jetztzeichensetzen.at\/index.php?rest_route=\/wp\/v2\/types\/page"}],"author":[{"embeddable":true,"href":"http:\/\/www.jetztzeichensetzen.at\/index.php?rest_route=\/wp\/v2\/users\/1"}],"replies":[{"embeddable":true,"href":"http:\/\/www.jetztzeichensetzen.at\/index.php?rest_route=%2Fwp%2Fv2%2Fcomments&post=14"}],"version-history":[{"count":61,"href":"http:\/\/www.jetztzeichensetzen.at\/index.php?rest_route=\/wp\/v2\/pages\/14\/revisions"}],"predecessor-version":[{"id":416,"href":"http:\/\/www.jetztzeichensetzen.at\/index.php?rest_route=\/wp\/v2\/pages\/14\/revisions\/416"}],"up":[{"embeddable":true,"href":"http:\/\/www.jetztzeichensetzen.at\/index.php?rest_route=\/wp\/v2\/pages\/222"}],"wp:attachment":[{"href":"http:\/\/www.jetztzeichensetzen.at\/index.php?rest_route=%2Fwp%2Fv2%2Fmedia&parent=14"}],"curies":[{"name":"wp","href":"https:\/\/api.w.org\/{rel}","templated":true}]}}