{"id":268,"date":"2012-04-19T07:15:02","date_gmt":"2012-04-19T07:15:02","guid":{"rendered":"http:\/\/www.jetztzeichensetzen.at\/?page_id=268"},"modified":"2012-09-07T09:54:59","modified_gmt":"2012-09-07T09:54:59","slug":"aufruftext-erinnern-u-zeichen-setzen-2012","status":"publish","type":"page","link":"http:\/\/www.jetztzeichensetzen.at\/?page_id=268","title":{"rendered":"Gedenk- u. Aktionswoche 20.-27. 1. 2012"},"content":{"rendered":"<p><strong>Gedenk- und Aktionswoche gegen Rassismus, Antisemitismus und Rechtsextremismus, 20.-27. J\u00e4nner 2012.<\/strong><\/p>\n<p>Am 27. J\u00e4nner 2012 j\u00e4hrt sich zum 67. Mal die Befreiung des Konzentrations- und Vernichtungslagers Auschwitz. Der internationale Holocaust-Gedenktag der UNO ist Anlass f\u00fcr die so wichtige Erinnerung an die Opfer des Nationalsozialismus. Der 27. J\u00e4nner soll aber auch Veranlassung dazu sein, aktiv gegen Rassismus, Antisemitismus und Rechtsextremismus in \u00d6sterreich und Europa aufzutreten.<\/p>\n<p>Ein Nachdenken \u00fcber die heutige Situation ist bitter notwendig: Das zeigen nicht nur das Massaker von Norwegen und der rechtsextreme Terrorismus in Deutschland, sondern auch der dramatische Anstieg rechtsextremer Aktivit\u00e4ten in \u00d6sterreich. Allein im vergangenen Jahr sind in \u00d6sterreich mehr als 1.000 Anzeigen wegen rechtsextremer Straftaten registriert worden. Diese Entwicklung ist alarmierend.<\/p>\n<p>Rechtsextreme Vereinigungen versuchen sich in der Mitte unserer Gesellschaft einzunisten. In den repr\u00e4sentativen R\u00e4umlichkeiten der Hofburg soll der von rechtsextremen Organisationen getragene WKR-Ball stattfinden. Und das ausgerechnet am Tag der Befreiung von Auschwitz. Wir finden das unertr\u00e4glich.<\/p>\n<p>Daher veranstalten wir von 20.-27. J\u00e4nner eine Gedenk- und Aktionswoche. Wir wollen in dieser Woche der Opfer der m\u00f6rderischen S\u00fcndenbock- und Vernichtungspolitik des Nationalsozialismus gedenken. Und wir wollen mit zahlreichen Aktionen ein deutliches Zeichen gegen Rassismus, Antisemitismus und Rechtsextremismus in unserer heutigen Gesellschaft setzen.<\/p>\n","protected":false},"excerpt":{"rendered":"<p>Gedenk- und Aktionswoche gegen Rassismus, Antisemitismus und Rechtsextremismus, 20.-27. J\u00e4nner 2012. Am 27. J\u00e4nner 2012 j\u00e4hrt sich zum 67. Mal die Befreiung des Konzentrations- und Vernichtungslagers Auschwitz. Der internationale Holocaust-Gedenktag der UNO ist Anlass f\u00fcr die so wichtige Erinnerung an die Opfer des Nationalsozialismus. Der 27. J\u00e4nner soll aber auch Veranlassung dazu sein, aktiv gegen [\u2026]<\/p>\n","protected":false},"author":1,"featured_media":0,"parent":222,"menu_order":0,"comment_status":"closed","ping_status":"closed","template":"","meta":[],"_links":{"self":[{"href":"http:\/\/www.jetztzeichensetzen.at\/index.php?rest_route=\/wp\/v2\/pages\/268"}],"collection":[{"href":"http:\/\/www.jetztzeichensetzen.at\/index.php?rest_route=\/wp\/v2\/pages"}],"about":[{"href":"http:\/\/www.jetztzeichensetzen.at\/index.php?rest_route=\/wp\/v2\/types\/page"}],"author":[{"embeddable":true,"href":"http:\/\/www.jetztzeichensetzen.at\/index.php?rest_route=\/wp\/v2\/users\/1"}],"replies":[{"embeddable":true,"href":"http:\/\/www.jetztzeichensetzen.at\/index.php?rest_route=%2Fwp%2Fv2%2Fcomments&post=268"}],"version-history":[{"count":11,"href":"http:\/\/www.jetztzeichensetzen.at\/index.php?rest_route=\/wp\/v2\/pages\/268\/revisions"}],"predecessor-version":[{"id":408,"href":"http:\/\/www.jetztzeichensetzen.at\/index.php?rest_route=\/wp\/v2\/pages\/268\/revisions\/408"}],"up":[{"embeddable":true,"href":"http:\/\/www.jetztzeichensetzen.at\/index.php?rest_route=\/wp\/v2\/pages\/222"}],"wp:attachment":[{"href":"http:\/\/www.jetztzeichensetzen.at\/index.php?rest_route=%2Fwp%2Fv2%2Fmedia&parent=268"}],"curies":[{"name":"wp","href":"https:\/\/api.w.org\/{rel}","templated":true}]}}