{"id":308,"date":"2012-04-19T12:32:34","date_gmt":"2012-04-19T12:32:34","guid":{"rendered":"http:\/\/www.jetztzeichensetzen.at\/?page_id=308"},"modified":"2016-01-15T13:33:56","modified_gmt":"2016-01-15T13:33:56","slug":"ruckblick","status":"publish","type":"page","link":"http:\/\/www.jetztzeichensetzen.at\/?page_id=308","title":{"rendered":"R\u00fcckblick 2012"},"content":{"rendered":"<p><strong>Flashmob: \u201eKein Platz f\u00fcr Antisemitismus\u201c<\/strong><br \/>\n<strong>Zeit:<\/strong> 17:30 Uhr, Mittwoch, 12. September 2012<br \/>\n<strong>Ort:<\/strong> Schwedenplatz, 1010 Wien<\/p>\n<p>\u201eNiemals vergessen\u201c wird in \u00d6sterreich immer mehr zum \u201eimmer wieder\u201c.<br \/>\n<i>-Wenn ein religi\u00f6ser Jude in Wien nicht \u00fcber einen Platz gehen kann, ohne nazistisch oder antisemitisch angep\u00f6belt zu werden &#8230;<br \/>\n-Wenn er am Tag eines Fussballspiels sogar vor den Augen der Polizei verbal attackiert wird, die dann offensichtlich nicht einmal einschreitet &#8230;<br \/>\n-Wenn ein antisemitischer Cartoon auf der offiziellen Facebook-Seite eines Politikers steht &#8230;<\/i><br \/>\n&#8230;dann bedeutet dies auch: Wir m\u00fcssen ein Zeichen setzen.<\/p>\n<p>Komm und mach beim Flashmob mit! Veranstaltet von der Initiative &#8222;<strong>Jetzt Zeichen Setzen<\/strong>&#8222;.<\/p>\n<p><strong>Zur Vorgeschichte:<\/strong><\/p>\n<p>&#8222;Hau ab, du Schei\u00dfjude! Juden raus! Heil Hitler!&#8220;: Mit diesen und anderen Worten ist laut einem der APA vorliegenden schriftlichen Protokoll ein Wiener Rabbiner am 30.7.2012 auf dem Schwedenplatz in der Wiener Innenstadt von einem Fu\u00dfballfan beschimpft worden. Laut den Angaben wurde der Vorfall von drei Meter entfernten Polizeibeamten beobachtet. Er soll sich gegen 16.30 Uhr ereignet haben, als sich dort im Zuge des Europa-League-Spiels gegen den SK Rapid Anh\u00e4nger der griechischen Fu\u00dfballmannschaft PAOK Saloniki versammelt hatten. Als der Betroffene die Polizisten fragte, ob sie nichts dagegen unternehmen wollten, bekam er laut seinen Angaben von einem der Beamten die Antwort: &#8222;Na h\u00f6rn&#8217;s, heut&#8216; is Fu\u00dfball!&#8220; Der Fu\u00dfballfan soll w\u00e4hrenddessen noch immer mit zum Hitlergru\u00df erhobener Hand vor dem Rabbiner gestanden sein. Laut dem Protokoll versuchte der Geistliche ohne Erfolg, weitere Polizeibeamte \u00fcber den Vorfall zu informieren.<\/p>\n<p>Ende August fand sich auf der Facebook-Seite des FP\u00d6-Chefs Heinz-Christian Strache ein antisemitischer Cartoon. Bei der Karikatur wurden Nase und Manschettenkn\u00f6pfe ver\u00e4ndert &#8211; \u00e4hnlich dargestellt wurden Juden in der antisemitischen Nazi-Hetzschrift \u201eSt\u00fcrmer\u201c.<\/p>\n<p><strong>Tag der Befreiung, 8. Mai 2012<\/strong><\/p>\n<p><a href=\"http:\/\/www.jetztzeichensetzen.at\/?page_id=379\" title=\"Aufruftext\">Aufruftext<\/a><br \/>\n<a href=\"http:\/\/www.jetztzeichensetzen.at\/?page_id=330\" title=\"Pressestatements\">Pressestatements<\/a><br \/>\n<a href=\"http:\/\/www.jetztzeichensetzen.at\/?page_id=14\" title=\"Unterst\u00fctzerInnen\">Unterst\u00fctzerInnen<\/a><br \/>\n<a href=\"http:\/\/www.jetztzeichensetzen.at\/?page_id=25\" title=\"Veranstaltungen\">Veranstaltungsarchiv<\/a><\/p>\n<p><strong>Gedenk- und Aktionswoche gegen Rassismus, Antisemitismus und Rechtsextremismus, 20.-27. J\u00e4nner 2012.<\/strong><\/p>\n<p><a href=\"http:\/\/www.jetztzeichensetzen.at\/?page_id=268\" title=\"Aufruftext\">Aufruftext<\/a><br \/>\n<a href=\"http:\/\/www.jetztzeichensetzen.at\/?page_id=275\" title=\"Selbstverst\u00e4ndnis\">Selbstverst\u00e4ndnis<\/a><br \/>\n<a href=\"http:\/\/www.jetztzeichensetzen.at\/?page_id=283\" title=\"Unterst\u00fctzende Organisationen\">Unterst\u00fctzende Organisationen<\/a><br \/>\n<a href=\"http:\/\/www.jetztzeichensetzen.at\/?page_id=280\" title=\"Veranstaltungen\">Veranstaltungsarchiv<\/a><\/p>\n","protected":false},"excerpt":{"rendered":"<p>Flashmob: \u201eKein Platz f\u00fcr Antisemitismus\u201c Zeit: 17:30 Uhr, Mittwoch, 12. September 2012 Ort: Schwedenplatz, 1010 Wien \u201eNiemals vergessen\u201c wird in \u00d6sterreich immer mehr zum \u201eimmer wieder\u201c. -Wenn ein religi\u00f6ser Jude in Wien nicht \u00fcber einen Platz gehen kann, ohne nazistisch oder antisemitisch angep\u00f6belt zu werden \u2026 -Wenn er am Tag eines Fussballspiels sogar vor den [\u2026]<\/p>\n","protected":false},"author":1,"featured_media":0,"parent":0,"menu_order":5,"comment_status":"closed","ping_status":"closed","template":"","meta":[],"_links":{"self":[{"href":"http:\/\/www.jetztzeichensetzen.at\/index.php?rest_route=\/wp\/v2\/pages\/308"}],"collection":[{"href":"http:\/\/www.jetztzeichensetzen.at\/index.php?rest_route=\/wp\/v2\/pages"}],"about":[{"href":"http:\/\/www.jetztzeichensetzen.at\/index.php?rest_route=\/wp\/v2\/types\/page"}],"author":[{"embeddable":true,"href":"http:\/\/www.jetztzeichensetzen.at\/index.php?rest_route=\/wp\/v2\/users\/1"}],"replies":[{"embeddable":true,"href":"http:\/\/www.jetztzeichensetzen.at\/index.php?rest_route=%2Fwp%2Fv2%2Fcomments&post=308"}],"version-history":[{"count":19,"href":"http:\/\/www.jetztzeichensetzen.at\/index.php?rest_route=\/wp\/v2\/pages\/308\/revisions"}],"predecessor-version":[{"id":1078,"href":"http:\/\/www.jetztzeichensetzen.at\/index.php?rest_route=\/wp\/v2\/pages\/308\/revisions\/1078"}],"wp:attachment":[{"href":"http:\/\/www.jetztzeichensetzen.at\/index.php?rest_route=%2Fwp%2Fv2%2Fmedia&parent=308"}],"curies":[{"name":"wp","href":"https:\/\/api.w.org\/{rel}","templated":true}]}}