{"id":430,"date":"2013-01-11T15:42:34","date_gmt":"2013-01-11T15:42:34","guid":{"rendered":"http:\/\/www.jetztzeichensetzen.at\/?page_id=430"},"modified":"2013-01-30T12:40:03","modified_gmt":"2013-01-30T12:40:03","slug":"unterstutzende-organisationen-und-personen","status":"publish","type":"page","link":"http:\/\/www.jetztzeichensetzen.at\/?page_id=430","title":{"rendered":"Unterst\u00fctzende Organisationen und Personen"},"content":{"rendered":"<p><strong>Gedenk- und Aktionswoche gegen Rassismus, Antisemitismus und Rechtsextremismus 25.1.-1.2.2013<\/strong><\/p>\n<p>Asyl in Not + Bund sozialdemokratischer AkademikerInnen, Intellektueller und K\u00fcnstlerInnen (BSA) + Bund sozialdemokratischer Juden + Christen an der Seite Israels &#8211; \u00d6sterreich + Die Gr\u00fcnen + Die Gr\u00fcnen Frauen + Die Gr\u00fcnen N\u00d6 + Die Gr\u00fcnen Wien + Doron Rabinovici + GPA-djp Jugend + IKG &#8211; Israelitische Kultusgemeinde + ILM\u00d6 &#8211; Initiative liberaler Muslime + Katholische Aktion \u00d6sterreich + Koordinierungsausschuss f\u00fcr christlich-j\u00fcdische Zusammenarbeit + KP\u00d6 + KZ-Verband Wien + Lagergemeinschaft Ravensbr\u00fcck &#038; FreundInnen + Liberales Forum + Mauthausen Komitee \u00d6sterreich + Misrachi + O\u00d6 Netzwerk gegen Rassismus und Rechtsextremismus + \u00d6GB &#8211; \u00d6sterreichischer Gewerkschaftsbund + \u00d6sterreichische Hochsch\u00fclerInnenschaft &#8211; \u00d6H Bundesvertretung + \u00d6sterreichisch-Israelische Gesellschaft + Republikanischer Club &#8211; Neues \u00d6sterreich + SJ\u00d6 + SJ\u00d6-Wien + SOS Mitmensch + SP\u00d6 + SP\u00d6 Frauen + SP\u00d6-Wien + SP\u00d6 Wiener Bildung + Verein GEDENKDIENST + Verein ZARA + VSST\u00d6 + ZPC-Loge der Bnai Brith <\/p>\n","protected":false},"excerpt":{"rendered":"<p>Gedenk- und Aktionswoche gegen Rassismus, Antisemitismus und Rechtsextremismus 25.1.-1.2.2013 Asyl in Not + Bund sozialdemokratischer AkademikerInnen, Intellektueller und K\u00fcnstlerInnen (BSA) + Bund sozialdemokratischer Juden + Christen an der Seite Israels \u2013 \u00d6sterreich + Die Gr\u00fcnen + Die Gr\u00fcnen Frauen + Die Gr\u00fcnen N\u00d6 + Die Gr\u00fcnen Wien + Doron Rabinovici + GPA-djp Jugend + IKG [\u2026]<\/p>\n","protected":false},"author":1,"featured_media":0,"parent":5,"menu_order":0,"comment_status":"closed","ping_status":"closed","template":"","meta":[],"_links":{"self":[{"href":"http:\/\/www.jetztzeichensetzen.at\/index.php?rest_route=\/wp\/v2\/pages\/430"}],"collection":[{"href":"http:\/\/www.jetztzeichensetzen.at\/index.php?rest_route=\/wp\/v2\/pages"}],"about":[{"href":"http:\/\/www.jetztzeichensetzen.at\/index.php?rest_route=\/wp\/v2\/types\/page"}],"author":[{"embeddable":true,"href":"http:\/\/www.jetztzeichensetzen.at\/index.php?rest_route=\/wp\/v2\/users\/1"}],"replies":[{"embeddable":true,"href":"http:\/\/www.jetztzeichensetzen.at\/index.php?rest_route=%2Fwp%2Fv2%2Fcomments&post=430"}],"version-history":[{"count":19,"href":"http:\/\/www.jetztzeichensetzen.at\/index.php?rest_route=\/wp\/v2\/pages\/430\/revisions"}],"predecessor-version":[{"id":612,"href":"http:\/\/www.jetztzeichensetzen.at\/index.php?rest_route=\/wp\/v2\/pages\/430\/revisions\/612"}],"up":[{"embeddable":true,"href":"http:\/\/www.jetztzeichensetzen.at\/index.php?rest_route=\/wp\/v2\/pages\/5"}],"wp:attachment":[{"href":"http:\/\/www.jetztzeichensetzen.at\/index.php?rest_route=%2Fwp%2Fv2%2Fmedia&parent=430"}],"curies":[{"name":"wp","href":"https:\/\/api.w.org\/{rel}","templated":true}]}}