{"id":438,"date":"2013-01-11T13:20:47","date_gmt":"2013-01-11T13:20:47","guid":{"rendered":"http:\/\/www.jetztzeichensetzen.at\/?page_id=438"},"modified":"2013-01-11T16:03:22","modified_gmt":"2013-01-11T16:03:22","slug":"offener-brief-an-die-hofburg-betreibergesellschaft","status":"publish","type":"page","link":"http:\/\/www.jetztzeichensetzen.at\/?page_id=438","title":{"rendered":"Offener Brief an die Hofburg-Betreibergesellschaft"},"content":{"rendered":"<p><strong>Nichts h\u00f6ren, nichts sehen, nichts sagen?<\/strong><\/p>\n<p> <strong>Sehr geehrte Frau Danler<\/strong>,<\/p>\n<p> Am 1. Dezember 2011 titelten Sie in einer Presseaussendung mit R\u00fcckfragehinweis Mag. Renate Danler: <em>\u201eWiener Korporationsball 2012 zum letzten Mal in der HOFBURG Vienna\u201c<\/em> Und: <em>\u201eAufgrund der aktuellen politischen und medialen Dimension, welche die Abhaltung des WKR-Balles in den letzten Jahren angenommen hat, beschlie\u00dft die Wiener Hofburg Kongresszentrum BetriebsgmbH f\u00fcr den Korporationsball nach der Ballsaison 2012 nicht mehr als Veranstaltungsst\u00e4tte zur Verf\u00fcgung zu stehen.\u201c(1)<\/em><\/p>\n<p>Auch sprach sich mit den Casinos Austria offen ein Mitgesellschafter ihrer Hofburg-Betreibergesellschaft medial  f\u00fcr eine Absage aus, da <em>\u201ejede Form von Extremismus\u201c<\/em> entschieden abgelehnt wird und man  \u201c<em>Organisationen, die die n\u00f6tige Distanz zu einschl\u00e4gigem Gedankengut vermissen lassen, keine B\u00fchne geben&#8220;<\/em> wolle.(2)<\/p>\n<p>Am 1. Februar soll nun der WKR-Ball unter neuem Namen wieder in der Hofburg stattfinden.  Die Funktion des \u201e1. Wiener Akademikerballes\u201c ist aber dieselbe, wie die des WKR-Balles. Sie geben damit auch 2013 wieder Rechtsextremen aus ganz Europa die M\u00f6glichkeit sich in einem der repr\u00e4sentativsten Prunkr\u00e4ume der Republik zu vernetzen und besitzen obendrein die Dreistigkeit zu behaupten, dass <em>\u201eein Ball [\u2026] ja nichts Politisches\u201c<\/em> sei, sondern \u201e<em>etwas Gesellschaftliches, wo Leute Freude empfinden sollten<\/em>.\u201c(3) Wir empfinden das als eineau\u00dferordentliche Frechheit in Anbetracht der Tatsache, dass laut dem D\u00d6W allein von 2009 bis 2011 Rechtsextreme wie Markus Beisicht, Patrik Brinkmann, Philip Dewinter, Alexander Dugin, Matthias Faust, Bruno Gollnisch und Enrique Ravello an mindestens einem Ball teilgenommen haben. In Frankreich schrieben die Medien nach der Teilnahme der franz\u00f6sischen Rechtspolitikerin Marine Le Pen im letzten Jahr richtig, dass der Ball \u201e<em>ein widerw\u00e4rtiger Ball f\u00fcr Nostalgiker des 3. Reiches\u201c<\/em>(4) ist.<\/p>\n<p><strong>Alter Ball in neuem Gewand<\/strong><\/p>\n<p>Dass nun die FP\u00d6 zur Hilfe eilt, um die Veranstaltung abhalten zu k\u00f6nnen, war nach Ihrer Absage bereits absehbar. Am 1.12.2011 sicherte FP\u00d6 Chef Strache in einer Presseaussendung den Ballveranstaltern bereits seine <em>\u201evolle Unterst\u00fctzung\u201c<\/em> zu.(5) Sie sprechen in unglaublich naiver Weise davon, dass es sich um eine v\u00f6llig neue Veranstaltung handelt und betonen sogar nochweiters, dass Sie \u201e<em>zwei komplett verschiedene Veranstalter<\/em>\u201c sehen. Dabei wird nicht einmal der Versuch von Veranstalterseite unternommen die klare personelle wie inhaltliche Kontinuit\u00e4t zwischen WKR- und Akademikerball zu verschleiern.<\/p>\n<p>1.)Im Vereinsregisterauszug des Vereins &#8222;Wiener Akademikerball-Ballausschuss \u2013 Verein f\u00fcr Wissenschaft, Forschung, Kultur und Menschenrechte&#8220; wird einer der letztj\u00e4hrigen Organisatoren Udo Guggenbichler als Vorsitzender angef\u00fchrt.<br \/> <br \/>\n2.)Von der Homepage des WKR-Balles wird man direkt auf die Seite www.wiener-akademikerball.at weitergeleitet.<br \/>\n3.)Im Einladungstext, vom WKR ausgesandt, hei\u00dft es: \u201e<em>Der Akademikerball steht in der Tradition der gro\u00dfen coleurstudentischen B\u00e4lle Wiens, und gibt uns Korporierten die M\u00f6glichkeit, auch 2013 wieder in den prunkvollen S\u00e4len der Wiener Hofburg zu feiern und zu tanzen<\/em>.\u201c<\/p>\n<p>Die Anmeldung durch die FP\u00d6 Wien ist ein rein b\u00fcrokratischer Akt. Das wird auch ganz offen und unversch\u00e4mt bekundet: Herwig G\u00f6tschober (Anmelder der Seite wiener-akademikerball.at und Schriftf\u00fchrer des Akademikerballvereines) schreibt in einem Artikel zur Fragestellung \u201e<em>WKR-Ball? FP\u00d6-Ball? Akademikerball<\/em>?\u201c auf dieburschenschaften.at, dass die FP\u00d6 als Veranstalter \u201e<em>herh\u00e4lt<\/em>\u201c, um \u201e<em>dem WKR einen weiteren Ball zu erm\u00f6glichen<\/em>\u201c. Er h\u00e4lt in aller Offenheit fest, dass sich an \u201e<em>Organisation, Publikum, Atmosph\u00e4re [\u2026] nichts \u00e4ndern wird<\/em>\u201c.(6)<\/p>\n<p>Der Ball, die handelnden Personen und der inhaltliche Zweck sind also dieselben wie auch letztes Jahr. Um einen Rest an Glaubw\u00fcrdigkeit zu bewahren, liegt es an Ihnen diesen Ball konsequenterweise abzusagen, statt den Kopf in den Sand zu stecken und sich scheinheiliger Vorw\u00e4nde zu bedienen. Es w\u00e4re ein handfester Skandal, w\u00fcrde dieser Ball in ihrem Haus stattfinden.<\/p>\n<p>\u201e<em>Das will ich mir gar nicht anschauen. Das finde ich unerh\u00f6rt<\/em>.\u201c(7) \u2013ist n\u00e4mlich Ihrerseits unerh\u00f6rt, gerade Sie als Gesch\u00e4ftsf\u00fchrer der Hofburg m\u00fcssen ganz genau hinschauen was f\u00fcr B\u00e4lle in Ihren eigenen vier W\u00e4nden abgehalten werden und die Konsequenzen daraus ziehen.<\/p>\n<p><strong>UnterzeichnerInnen des Briefes sind u.a.:<\/strong><\/p>\n<p>Gr\u00fcne Wien, Sozialistische Jugend, Israelitische Kultusgemeinde, Gedenkdienst, SOS Mitmensch, VSSt\u00d6 \u00d6sterreich, Mauthausen Komitee \u00d6sterreich, \u00d6H Bundesvertretung<\/p>\n<p>(1)http:\/\/www.ots.at\/presseaussendung\/OTS_20111201_OTS0283\/wiener-korporationsball-2012-zum-letzten-mal-in-der-hofburg-vienna<\/p>\n<p>(2)http:\/\/derstandard.at\/1322531494396\/Veto-Casinos-Austria-gegen-WKR-Ball-in-Wiener-Hofburg<\/p>\n<p>(3)http:\/\/derstandard.at\/1356426476394\/WKR-Ball-Ein-Ball-ist-ja-nichts-Politisches<\/p>\n<p>(4)http:\/\/www.liberation.fr\/monde\/01012386691-valse-brune-a-vienne<\/p>\n<p>(5)http:\/\/www.ots.at\/presseaussendung\/OTS_20111201_OTS0308\/fpoe-strache-hofburg-gmbh-gibt-linkem-mobbing-gegen-wkr-ball-nach<\/p>\n<p>(6)http:\/\/www.dieburschenschaften.de\/aktuelle-berichte\/bericht\/meldung\/779\/wkr-ball-fp.html<\/p>\n<p>(7)http:\/\/derstandard.at\/1356426476394\/WKR-Ball-Ein-Ball-ist-ja-nichts-Politisches<\/p>\n","protected":false},"excerpt":{"rendered":"<p>Nichts h\u00f6ren, nichts sehen, nichts sagen? Sehr geehrte Frau Danler, Am 1. Dezember 2011 titelten Sie in einer Presseaussendung mit R\u00fcckfragehinweis Mag. Renate Danler: \u201eWiener Korporationsball 2012 zum letzten Mal in der HOFBURG Vienna\u201c Und: \u201eAufgrund der aktuellen politischen und medialen Dimension, welche die Abhaltung des WKR-Balles in den letzten Jahren angenommen hat, beschlie\u00dft die [\u2026]<\/p>\n","protected":false},"author":1,"featured_media":0,"parent":5,"menu_order":2,"comment_status":"closed","ping_status":"closed","template":"","meta":[],"_links":{"self":[{"href":"http:\/\/www.jetztzeichensetzen.at\/index.php?rest_route=\/wp\/v2\/pages\/438"}],"collection":[{"href":"http:\/\/www.jetztzeichensetzen.at\/index.php?rest_route=\/wp\/v2\/pages"}],"about":[{"href":"http:\/\/www.jetztzeichensetzen.at\/index.php?rest_route=\/wp\/v2\/types\/page"}],"author":[{"embeddable":true,"href":"http:\/\/www.jetztzeichensetzen.at\/index.php?rest_route=\/wp\/v2\/users\/1"}],"replies":[{"embeddable":true,"href":"http:\/\/www.jetztzeichensetzen.at\/index.php?rest_route=%2Fwp%2Fv2%2Fcomments&post=438"}],"version-history":[{"count":29,"href":"http:\/\/www.jetztzeichensetzen.at\/index.php?rest_route=\/wp\/v2\/pages\/438\/revisions"}],"predecessor-version":[{"id":539,"href":"http:\/\/www.jetztzeichensetzen.at\/index.php?rest_route=\/wp\/v2\/pages\/438\/revisions\/539"}],"up":[{"embeddable":true,"href":"http:\/\/www.jetztzeichensetzen.at\/index.php?rest_route=\/wp\/v2\/pages\/5"}],"wp:attachment":[{"href":"http:\/\/www.jetztzeichensetzen.at\/index.php?rest_route=%2Fwp%2Fv2%2Fmedia&parent=438"}],"curies":[{"name":"wp","href":"https:\/\/api.w.org\/{rel}","templated":true}]}}