{"id":487,"date":"2013-01-11T15:34:27","date_gmt":"2013-01-11T15:34:27","guid":{"rendered":"http:\/\/www.jetztzeichensetzen.at\/?page_id=487"},"modified":"2013-01-21T17:29:13","modified_gmt":"2013-01-21T17:29:13","slug":"veranstaltungen","status":"publish","type":"page","link":"http:\/\/www.jetztzeichensetzen.at\/?page_id=487","title":{"rendered":"Veranstaltungen"},"content":{"rendered":"<p><strong>Gedenk- und Aktionswoche gegen Rassismus, Antisemitismus und Rechtsextremismus 25.1.-1.2.2013<\/strong><\/p>\n<li><span style=\"text-decoration: underline;\">&#8222;WTF?!-Ball&#8220;<\/span><br \/>\n25. J\u00e4nner 2013, 21:00 Uhr<br \/>\nOst Klub, Schwarzenbergplatz 10, 1010 Wien<br \/>\nN\u00e4here Infos unter: <a href=\"http:\/\/www.wtfball.at\/\" target=\"_blank\">http:\/\/www.wtfball.at<\/a><\/li>\n<p> <\/p>\n<li><span style=\"text-decoration: underline;\">&#8222;Gedenkveranstaltung Befreiung KZ Auschwitz-Birkenau&#8220;<\/span><br \/>\n27. J\u00e4nner 2013, 17.00 &#8211; 18.00 Uhr<br \/>\nHeldenplatz<br \/>\nModeriert von Katharina Stemberger mit K\u00e4the Sasso, Renate Brauner, Oskar Deutsch, Rodaina El Batnigi, Bischof Helmuth Nausner, Willi Mernyi, Maria Vassilakou, u.a.<\/li>\n<p> <\/p>\n<li><span style=\"text-decoration: underline;\">Vortrag: &#8222;Die deutschnationalen Burschenschaften und ihre Netzwerke&#8220;<\/span><br \/>\n28. J\u00e4nner 2013, 20.00 Uhr <br \/>\nNovaragasse 7, 1020 Wien <br \/>\nJunge Gr\u00fcne<br \/>\nHeribert Schiedel vom Dokumentationsarchiv des \u00d6sterreichischen Widerstands wird uns einen Einblick in die ideologische Welt der Burschenschafter und deren Netzwerke geben.<br \/>\nWarum gibt es keine Frauen in den Burschenschaften? Warum m\u00fcssen manche Burschenschaften mit scharfen Klingen aufeinander losgehen? Was hat das Ganze mit den Nazis zu tun? Das alles und mehr erf\u00e4hrt ihr beim Vortrag.<br \/>\nN\u00e4here Informationen: sebastian.vetter@junge-gruene.at <\/p>\n<li><span style=\"text-decoration: underline;\">&#8222;Rechtsextrem. Symbole &#8211; Codes &#8211; Kennzeichen &#8211; Musik &#8211; Gesetze &#8211; Organisationen&#8220;<\/span><br \/>\n29.J\u00e4nner 2013, 18.00 &#8211; 20.00 Uhr <br \/>\n\u00d6GB, Johannes-B\u00f6hm-Platz 1, 1020 Wien <br \/>\n\u00d6GB-Referat f\u00fcr Organisation, Koordination und Service in Kooperation mit dem Mauthausen Kommitee \u00d6sterreich<br \/>\nAnmeldung unter servicecenter@oegb.at oder unter 01\/5344439100 (begrenzte TeilnehmerInnenanzahl)<\/p>\n<li><span style=\"text-decoration: underline;\">&#8222;Filmbesprechung: Die letzte Etappe&#8220;<\/span><br \/>\n30. J\u00e4nner 2013, 19.00 Uhr <br \/>\nMargaretenstra\u00dfe 166, 1050 Wien <br \/>\nVerein GEDENKDIENST<br \/>\nWanda Jakubowskas 1948 erschienener Film \u201cDie letzte Etappe\u201d ist der erste Spielfilm, der sich mit den nationalsozialistischen Konzentrations- und Vernichtungslagern auseinandersetzte. Jakubowska, die selbst Birkenau-\u00dcberlebende war, hat zusammen mit anderen H\u00e4ftlingen noch w\u00e4hrend ihrer Zeit in Auschwitz an dem Drehbuch gearbeitet.<\/p>\n","protected":false},"excerpt":{"rendered":"<p>Gedenk- und Aktionswoche gegen Rassismus, Antisemitismus und Rechtsextremismus 25.1.-1.2.2013 \u201eWTF?!-Ball\u201c 25. J\u00e4nner 2013, 21:00 Uhr Ost Klub, Schwarzenbergplatz 10, 1010 Wien N\u00e4here Infos unter: http:\/\/www.wtfball.at \u201eGedenkveranstaltung Befreiung KZ Auschwitz-Birkenau\u201c 27. J\u00e4nner 2013, 17.00 \u2013 18.00 Uhr Heldenplatz Moderiert von Katharina Stemberger mit K\u00e4the Sasso, Renate Brauner, Oskar Deutsch, Rodaina El Batnigi, Bischof Helmuth Nausner, Willi [\u2026]<\/p>\n","protected":false},"author":1,"featured_media":0,"parent":5,"menu_order":0,"comment_status":"closed","ping_status":"closed","template":"","meta":[],"_links":{"self":[{"href":"http:\/\/www.jetztzeichensetzen.at\/index.php?rest_route=\/wp\/v2\/pages\/487"}],"collection":[{"href":"http:\/\/www.jetztzeichensetzen.at\/index.php?rest_route=\/wp\/v2\/pages"}],"about":[{"href":"http:\/\/www.jetztzeichensetzen.at\/index.php?rest_route=\/wp\/v2\/types\/page"}],"author":[{"embeddable":true,"href":"http:\/\/www.jetztzeichensetzen.at\/index.php?rest_route=\/wp\/v2\/users\/1"}],"replies":[{"embeddable":true,"href":"http:\/\/www.jetztzeichensetzen.at\/index.php?rest_route=%2Fwp%2Fv2%2Fcomments&post=487"}],"version-history":[{"count":43,"href":"http:\/\/www.jetztzeichensetzen.at\/index.php?rest_route=\/wp\/v2\/pages\/487\/revisions"}],"predecessor-version":[{"id":569,"href":"http:\/\/www.jetztzeichensetzen.at\/index.php?rest_route=\/wp\/v2\/pages\/487\/revisions\/569"}],"up":[{"embeddable":true,"href":"http:\/\/www.jetztzeichensetzen.at\/index.php?rest_route=\/wp\/v2\/pages\/5"}],"wp:attachment":[{"href":"http:\/\/www.jetztzeichensetzen.at\/index.php?rest_route=%2Fwp%2Fv2%2Fmedia&parent=487"}],"curies":[{"name":"wp","href":"https:\/\/api.w.org\/{rel}","templated":true}]}}