{"id":657,"date":"2013-04-23T06:18:09","date_gmt":"2013-04-23T06:18:09","guid":{"rendered":"http:\/\/www.jetztzeichensetzen.at\/?page_id=657"},"modified":"2013-04-30T09:35:53","modified_gmt":"2013-04-30T09:35:53","slug":"unterstutzerinnen-8-mai-2013","status":"publish","type":"page","link":"http:\/\/www.jetztzeichensetzen.at\/?page_id=657","title":{"rendered":"Unterst\u00fctzerInnen 8.Mai 2013"},"content":{"rendered":"<p><strong>Tag der Befreiung, 8. Mai 2013<\/strong><\/p>\n<p><strong>Personen:<\/strong><\/p>\n<p>Magdalena Knapp-Menzel<br \/>\nDoron Rabinovici<\/p>\n<p><strong>Organisationen:<\/strong><\/p>\n<p>Asyl in Not<br \/> <br \/>\nAUGE<br \/> <br \/>\nDie Gr\u00fcnen<br \/> <br \/>\nDie Gr\u00fcnen Wien<br \/> <br \/>\nGPA-djp Jugend<br \/> <br \/>\nGrazer Autorinnen Autorenversammlung<br \/> <br \/>\nGr\u00fcne Alsergrund<br \/> <br \/>\nGr\u00fcne Favoriten<br \/> <br \/>\nIG Autoren<br \/> <br \/>\nIKG &#8211; Israelitische Kultusgemeinde<br \/> <br \/>\nIntegrationshaus<br \/> <br \/>\nILM\u00d6 &#8211; Initiative Liberaler Muslime \u00d6sterreich<br \/> <br \/>\nKoordinierungsausschuss f\u00fcr christlich-j\u00fcdische Zusammenarbeit<br \/> <br \/>\nMauthausen Komitee \u00d6sterreich<br \/> <br \/>\n\u00d6sterreichische Hochsch\u00fclerInnenschaft (Bundesvertretung)<br \/> <br \/>\nRepublikanischer Club-Neues \u00d6sterreich<br \/> <br \/>\nSJ\u00d6 &#8211; Sozialistische Jugend \u00d6sterreich<br \/> <br \/>\nSJ\u00d6 Wien<br \/> <br \/>\nSOS Mitmensch<br \/> <br \/>\nSP\u00d6 &#8211; Sozialdemokratische Partei \u00d6sterreich<br \/> <br \/>\nSP\u00d6 Wien <br \/>\nVerein GEDENKDIENST<br \/> <br \/>\nZARA &#8211; Zivilcourage und Antirassismus-Arbeit  <\/p>\n","protected":false},"excerpt":{"rendered":"<p>Tag der Befreiung, 8. Mai 2013 Personen: Magdalena Knapp-Menzel Doron Rabinovici Organisationen: Asyl in Not AUGE Die Gr\u00fcnen Die Gr\u00fcnen Wien GPA-djp Jugend Grazer Autorinnen Autorenversammlung Gr\u00fcne Alsergrund Gr\u00fcne Favoriten IG Autoren IKG \u2013 Israelitische Kultusgemeinde Integrationshaus ILM\u00d6 \u2013 Initiative Liberaler Muslime \u00d6sterreich Koordinierungsausschuss f\u00fcr christlich-j\u00fcdische Zusammenarbeit Mauthausen Komitee \u00d6sterreich \u00d6sterreichische Hochsch\u00fclerInnenschaft (Bundesvertretung) Republikanischer Club-Neues [\u2026]<\/p>\n","protected":false},"author":1,"featured_media":0,"parent":634,"menu_order":0,"comment_status":"closed","ping_status":"closed","template":"","meta":[],"_links":{"self":[{"href":"http:\/\/www.jetztzeichensetzen.at\/index.php?rest_route=\/wp\/v2\/pages\/657"}],"collection":[{"href":"http:\/\/www.jetztzeichensetzen.at\/index.php?rest_route=\/wp\/v2\/pages"}],"about":[{"href":"http:\/\/www.jetztzeichensetzen.at\/index.php?rest_route=\/wp\/v2\/types\/page"}],"author":[{"embeddable":true,"href":"http:\/\/www.jetztzeichensetzen.at\/index.php?rest_route=\/wp\/v2\/users\/1"}],"replies":[{"embeddable":true,"href":"http:\/\/www.jetztzeichensetzen.at\/index.php?rest_route=%2Fwp%2Fv2%2Fcomments&post=657"}],"version-history":[{"count":7,"href":"http:\/\/www.jetztzeichensetzen.at\/index.php?rest_route=\/wp\/v2\/pages\/657\/revisions"}],"predecessor-version":[{"id":688,"href":"http:\/\/www.jetztzeichensetzen.at\/index.php?rest_route=\/wp\/v2\/pages\/657\/revisions\/688"}],"up":[{"embeddable":true,"href":"http:\/\/www.jetztzeichensetzen.at\/index.php?rest_route=\/wp\/v2\/pages\/634"}],"wp:attachment":[{"href":"http:\/\/www.jetztzeichensetzen.at\/index.php?rest_route=%2Fwp%2Fv2%2Fmedia&parent=657"}],"curies":[{"name":"wp","href":"https:\/\/api.w.org\/{rel}","templated":true}]}}