{"id":723,"date":"2013-12-30T12:46:06","date_gmt":"2013-12-30T12:46:06","guid":{"rendered":"http:\/\/www.jetztzeichensetzen.at\/?page_id=723"},"modified":"2014-05-31T19:06:45","modified_gmt":"2014-05-31T19:06:45","slug":"walk-of-shame-proteste-vor-hofburg-gesellschaftern","status":"publish","type":"page","link":"http:\/\/www.jetztzeichensetzen.at\/?page_id=723","title":{"rendered":"&#8222;Walk of Shame&#8220; &#8211; Proteste vor Hofburg-Gesellschaftern"},"content":{"rendered":"<p align=\"center\"><strong> Kein <\/strong> <strong> Platz<\/strong> <strong> f\u00fcr<\/strong><strong> die<\/strong><strong> Vernetzung<\/strong><strong> europ\u00e4ischer<\/strong><strong> Rechtsextremisten<\/strong> <strong> in<\/strong> <strong> der<\/strong> <strong> Wiener<\/strong> <strong> Hofburg<\/strong><\/p>\n<\/p align=\"center\">\n<p>Die Wiener Kongresszentrum Hofburg BetriebsgesmbH., zu der unter anderem das Hotel Sacher und das Hotel InterContinental Wien z\u00e4hlen, hat im Dezember 2011 bekannt gegeben, dass der Ball des Wiener Korporationsring (WKR) nicht mehr in der Wiener Hofburg stattfinden wird.<br \/>\nTrotzdem wurde 2013 wieder ein Ball, der genau dieselbe Funktion inne hat wie sein Vorg\u00e4nger der WKR-Ball, mit dem neuen Namen &#8222;1. Wiener Akademikerball&#8220; veranstaltet. Trotz zahlreicher Gegenstimmen findet am 24.1.2014 der &#8222;Wiener Akademikerball&#8220; wieder in der Wiener Hofburg statt.<\/p>\n<p> Zu den G\u00e4sten des Balls z\u00e4hlten in den vergangenen Jahren immer wieder hohe Funktion\u00e4re rechtsextremer Parteien bzw. Gruppierungen und er gilt als eines der etabliertesten gesellschaftlichten Ereignisse der europ\u00e4ischen Rechten. Der Ball, die handelnden Personen und der inhaltliche Zweck sind dieselben wie in den vergangenen Jahren. <\/p>\n<p><strong>Wir fordern die Wiener Kongresszentrum Hofburg BetriebsgesmbH. auf hinzuschauen und Konsequenzen zu ziehen.<\/strong><\/p>\n<p>Zu den Hofburg-Gesellschaftern geh\u00f6ren: Columbus (COLUMBUS Reisen GmbH), Gerstner Imperial Hotels &#038; Residences, Hotel Sacher Wien(Hotel Sacher, Eduard Sacher GmbH), InterContinental Wien (Wertinvest Hotelbetriebs GmbH).<\/p>\n<p><\/p>\n<p align=\"center\"><strong>WALK <\/strong> <strong> OF <\/strong><strong>SHAME<\/strong><\/p>\n<p><\/p>\n<li><span style=\"text-decoration: underline;\">Montag, 30. Dezember 2013<\/span><br \/>\n<strong>Hotel Sacher<\/strong><br \/>\nWANN: <strong>11.00 Uhr<\/strong><br \/> <br \/>\nWO: <strong>Hotel Sacher, Philharmonikerstra\u00dfe 4, 1010 Wien<\/strong><\/p>\n<li><span style=\"text-decoration: underline;\">Donnerstag, 9. J\u00e4nner 2014<\/span><br \/>\n<strong>Schick Hotel Stephanie<\/strong><br \/>\nWANN: <strong>11.00 Uhr<\/strong><br \/> <br \/>\nWO: <strong> Taborstra\u00dfe 12, 1020 Wien<\/strong><\/p>\n<li><span style=\"text-decoration: underline;\">Donnerstag, 16. J\u00e4nner 2014<\/span><br \/>\n<strong> Hotel InterContinental<\/strong><br \/>\nWANN: <strong>11.00 Uhr<\/strong><br \/> <br \/>\nWO: <strong> Johannesgasse 28, 1030 Wien<\/strong><\/p>\n","protected":false},"excerpt":{"rendered":"<p>Kein Platz f\u00fcr die Vernetzung europ\u00e4ischer Rechtsextremisten in der Wiener Hofburg Die Wiener Kongresszentrum Hofburg BetriebsgesmbH., zu der unter anderem das Hotel Sacher und das Hotel InterContinental Wien z\u00e4hlen, hat im Dezember 2011 bekannt gegeben, dass der Ball des Wiener Korporationsring (WKR) nicht mehr in der Wiener Hofburg stattfinden wird. Trotzdem wurde 2013 wieder ein [\u2026]<\/p>\n","protected":false},"author":1,"featured_media":0,"parent":575,"menu_order":3,"comment_status":"closed","ping_status":"closed","template":"","meta":[],"_links":{"self":[{"href":"http:\/\/www.jetztzeichensetzen.at\/index.php?rest_route=\/wp\/v2\/pages\/723"}],"collection":[{"href":"http:\/\/www.jetztzeichensetzen.at\/index.php?rest_route=\/wp\/v2\/pages"}],"about":[{"href":"http:\/\/www.jetztzeichensetzen.at\/index.php?rest_route=\/wp\/v2\/types\/page"}],"author":[{"embeddable":true,"href":"http:\/\/www.jetztzeichensetzen.at\/index.php?rest_route=\/wp\/v2\/users\/1"}],"replies":[{"embeddable":true,"href":"http:\/\/www.jetztzeichensetzen.at\/index.php?rest_route=%2Fwp%2Fv2%2Fcomments&post=723"}],"version-history":[{"count":13,"href":"http:\/\/www.jetztzeichensetzen.at\/index.php?rest_route=\/wp\/v2\/pages\/723\/revisions"}],"predecessor-version":[{"id":886,"href":"http:\/\/www.jetztzeichensetzen.at\/index.php?rest_route=\/wp\/v2\/pages\/723\/revisions\/886"}],"up":[{"embeddable":true,"href":"http:\/\/www.jetztzeichensetzen.at\/index.php?rest_route=\/wp\/v2\/pages\/575"}],"wp:attachment":[{"href":"http:\/\/www.jetztzeichensetzen.at\/index.php?rest_route=%2Fwp%2Fv2%2Fmedia&parent=723"}],"curies":[{"name":"wp","href":"https:\/\/api.w.org\/{rel}","templated":true}]}}