{"id":826,"date":"2014-01-20T14:23:07","date_gmt":"2014-01-20T14:23:07","guid":{"rendered":"http:\/\/www.jetztzeichensetzen.at\/?page_id=826"},"modified":"2014-01-20T14:25:20","modified_gmt":"2014-01-20T14:25:20","slug":"presseaussendungen","status":"publish","type":"page","link":"http:\/\/www.jetztzeichensetzen.at\/?page_id=826","title":{"rendered":"Presseaussendungen"},"content":{"rendered":"<p><strong><a href=\"http:\/\/www.ots.at\/presseaussendung\/OTS_20140117_OTS0166\/buendnis-jetzt-zeichen-setzen-friedliche-kundgebung-am-heldenplatz-muss-stattfinden-koennen\">Presseaussendung 17. J\u00e4nner 2014<\/a><\/strong> <\/p>\n<p><strong><br \/>B\u00fcndnis &#8222;Jetzt Zeichen setzen&#8220; &#8211; Friedliche Kundgebung am Heldenplatz muss stattfinden k\u00f6nnen!<br \/>\nVon der Polizei angek\u00fcndigtes Kundgebungsverbot f\u00f6rdert Eskalation<\/strong><\/p>\n<p>Wien (OTS) &#8211; Das B\u00fcndnis &#8222;Jetzt Zeichen setzen&#8220; besteht darauf, dass die friedliche Kundgebung am Heldenplatz unter dem Motto &#8222;Kein Europa des Rechtsextremismus!&#8220; am 24. J\u00e4nner stattfinden kann. Ein Platzverbot, wie von der Polizei angek\u00fcndigt, ist keinesfalls gerechtfertigt.<\/p>\n<p>In den letzten beiden Jahren hat jeweils eine friedliche Kundgebung des B\u00fcndnisses am Heldenplatz stattgefunden. Die Kundgebung wurde ausdr\u00fccklich auch von der Polizei gelobt.<\/p>\n<p>Das B\u00fcndnis &#8222;Jetzt Zeichen setzen&#8220; ist entsetzt \u00fcber den Versuch, eine friedlichen Kundgebung zu untersagen. Das Recht auf Versammlungsfreiheit im \u00f6ffentlichen Raum wird damit untergraben, so die VertreterInnen des B\u00fcndnis. <\/p>\n","protected":false},"excerpt":{"rendered":"<p>Presseaussendung 17. J\u00e4nner 2014 B\u00fcndnis \u201eJetzt Zeichen setzen\u201c \u2013 Friedliche Kundgebung am Heldenplatz muss stattfinden k\u00f6nnen! Von der Polizei angek\u00fcndigtes Kundgebungsverbot f\u00f6rdert Eskalation Wien (OTS) \u2013 Das B\u00fcndnis \u201eJetzt Zeichen setzen\u201c besteht darauf, dass die friedliche Kundgebung am Heldenplatz unter dem Motto \u201eKein Europa des Rechtsextremismus!\u201c am 24. J\u00e4nner stattfinden kann. Ein Platzverbot, wie von [\u2026]<\/p>\n","protected":false},"author":1,"featured_media":0,"parent":0,"menu_order":0,"comment_status":"closed","ping_status":"closed","template":"","meta":[],"_links":{"self":[{"href":"http:\/\/www.jetztzeichensetzen.at\/index.php?rest_route=\/wp\/v2\/pages\/826"}],"collection":[{"href":"http:\/\/www.jetztzeichensetzen.at\/index.php?rest_route=\/wp\/v2\/pages"}],"about":[{"href":"http:\/\/www.jetztzeichensetzen.at\/index.php?rest_route=\/wp\/v2\/types\/page"}],"author":[{"embeddable":true,"href":"http:\/\/www.jetztzeichensetzen.at\/index.php?rest_route=\/wp\/v2\/users\/1"}],"replies":[{"embeddable":true,"href":"http:\/\/www.jetztzeichensetzen.at\/index.php?rest_route=%2Fwp%2Fv2%2Fcomments&post=826"}],"version-history":[{"count":2,"href":"http:\/\/www.jetztzeichensetzen.at\/index.php?rest_route=\/wp\/v2\/pages\/826\/revisions"}],"predecessor-version":[{"id":830,"href":"http:\/\/www.jetztzeichensetzen.at\/index.php?rest_route=\/wp\/v2\/pages\/826\/revisions\/830"}],"wp:attachment":[{"href":"http:\/\/www.jetztzeichensetzen.at\/index.php?rest_route=%2Fwp%2Fv2%2Fmedia&parent=826"}],"curies":[{"name":"wp","href":"https:\/\/api.w.org\/{rel}","templated":true}]}}