{"id":831,"date":"2014-01-20T14:29:04","date_gmt":"2014-01-20T14:29:04","guid":{"rendered":"http:\/\/www.jetztzeichensetzen.at\/?page_id=831"},"modified":"2014-01-20T14:30:19","modified_gmt":"2014-01-20T14:30:19","slug":"pressekonferenz-23-1-2014","status":"publish","type":"page","link":"http:\/\/www.jetztzeichensetzen.at\/?page_id=831","title":{"rendered":"Pressekonferenz 23.1.2014"},"content":{"rendered":"<p>Am Donnerstag, dem 23. J\u00e4nner, wird das &#8222;Jetzt Zeichen setzen&#8220;-B\u00fcndnis um 10 Uhr im Cafe Stein noch einmal ihrer Kritik an den rechtsextremen Ausma\u00dfen des Akademikerballs Nachdruck verleihen. VertreterInnen der Medien sind dazu herzlich eingeladen.<\/p>\n<p><strong><br \/>WANN: Donnerstag, 23. J\u00e4nner, 10 Uhr<\/p>\n<p>WO: Cafe Stein, W\u00e4hringer Stra\u00dfe 6-8, 1090 Wien<br \/><\/strong><\/p>\n<p><strong>Am Podium:<\/strong><br \/>\n<br \/>Dora Schimanko, KZ-\u00dcberlebende, Unterzeichnerin offener Brief<br \/>\n<br \/>Prof. Rudolf Sark\u00f6zi, KZ-\u00dcberlebender, Unterzeichner offener Brief<br \/>\n<br \/>Fabian Eder, Filmemacher<br \/>\n<br \/>Viktoria Spielmann, &#8222;Jetzt Zeichen setzen&#8220;-B\u00fcndnis<\/p>\n<p>Moderation: Niki Kunrath<\/p>\n","protected":false},"excerpt":{"rendered":"<p>Am Donnerstag, dem 23. J\u00e4nner, wird das \u201eJetzt Zeichen setzen\u201c-B\u00fcndnis um 10 Uhr im Cafe Stein noch einmal ihrer Kritik an den rechtsextremen Ausma\u00dfen des Akademikerballs Nachdruck verleihen. VertreterInnen der Medien sind dazu herzlich eingeladen. WANN: Donnerstag, 23. J\u00e4nner, 10 Uhr WO: Cafe Stein, W\u00e4hringer Stra\u00dfe 6-8, 1090 Wien Am Podium: Dora Schimanko, KZ-\u00dcberlebende, Unterzeichnerin [\u2026]<\/p>\n","protected":false},"author":1,"featured_media":0,"parent":0,"menu_order":0,"comment_status":"closed","ping_status":"closed","template":"","meta":[],"_links":{"self":[{"href":"http:\/\/www.jetztzeichensetzen.at\/index.php?rest_route=\/wp\/v2\/pages\/831"}],"collection":[{"href":"http:\/\/www.jetztzeichensetzen.at\/index.php?rest_route=\/wp\/v2\/pages"}],"about":[{"href":"http:\/\/www.jetztzeichensetzen.at\/index.php?rest_route=\/wp\/v2\/types\/page"}],"author":[{"embeddable":true,"href":"http:\/\/www.jetztzeichensetzen.at\/index.php?rest_route=\/wp\/v2\/users\/1"}],"replies":[{"embeddable":true,"href":"http:\/\/www.jetztzeichensetzen.at\/index.php?rest_route=%2Fwp%2Fv2%2Fcomments&post=831"}],"version-history":[{"count":2,"href":"http:\/\/www.jetztzeichensetzen.at\/index.php?rest_route=\/wp\/v2\/pages\/831\/revisions"}],"predecessor-version":[{"id":835,"href":"http:\/\/www.jetztzeichensetzen.at\/index.php?rest_route=\/wp\/v2\/pages\/831\/revisions\/835"}],"wp:attachment":[{"href":"http:\/\/www.jetztzeichensetzen.at\/index.php?rest_route=%2Fwp%2Fv2%2Fmedia&parent=831"}],"curies":[{"name":"wp","href":"https:\/\/api.w.org\/{rel}","templated":true}]}}