{"id":941,"date":"2015-01-13T17:11:21","date_gmt":"2015-01-13T17:11:21","guid":{"rendered":"http:\/\/www.jetztzeichensetzen.at\/?page_id=941"},"modified":"2015-01-13T17:11:21","modified_gmt":"2015-01-13T17:11:21","slug":"walk-of-shame-2015","status":"publish","type":"page","link":"http:\/\/www.jetztzeichensetzen.at\/?page_id=941","title":{"rendered":"Walk of Shame 2015"},"content":{"rendered":"<p><strong><br \/><a href=\"http:\/\/www.ots.at\/presseaussendung\/OTS_20141230_OTS0058\/walk-of-shame-kein-salon-dem-rechtsextremismus\" title=\"APAPresse\">Walk of Shame &#8211; Kein Salon dem Rechtsextremismus<\/a><br \/><\/strong><br \/>\n<br \/>B\u00fcndnis &#8222;Jetzt Zeichen setzen&#8220; gegen den rechtsextremen &#8222;Akademikerball&#8220; in der Hofburg<\/p>\n<p>Wien (OTS) &#8211; 30. Dezember 2014 &#8211; Heute stand das B\u00fcndnis &#8222;Jetzt Zeichen setzen&#8220; im Rahmen ihres Walk of Shame am Wiener Heldenplatz vor der Hofburg, in der in einem Monat der FP\u00d6 &#8222;Akademikerball&#8220; der schlagenden Burschenschaften stattfinden soll. Das B\u00fcndnis fordert ein Ende der Schande, denn repr\u00e4sentative R\u00e4ume der Republik, sollen nicht l\u00e4nger als Ort der Vernetzung f\u00fcr die rechtsextreme Szene in Europa dienen.<\/p>\n<p>Mit im B\u00fcndnis, auch Dora Schimanko, \u00dcberlebende des NS- Regimes, die darauf aufmerksam macht, dass im Gedenkjahr 2015, 70 Jahre nach der Befreiung Europas, die Republik noch immer schulterzuckend dabei zusieht, wie Rechtsextreme die Hofburg nutzen und sich derartige demokratiefeindliche Ideologien dort breit machen.&#8220;<\/p>\n<p>Das B\u00fcndnis &#8222;Jetzt Zeichen setzen&#8220; reklamiert bereits jetzt den Heldenplatz am 30. J\u00e4nner 2015 f\u00fcr eine starke friedliche Kundgebung. Es w\u00e4re ein verheerendes Zeichen, wenn antifaschistische Kundgebungen erneut auf dem Heldenplatz untersagt werden w\u00fcrden, w\u00e4hrend man den Rechtsextremen die Hofburg \u00fcberl\u00e4sst.<br \/>\n&#8222;Die repr\u00e4sentativen R\u00e4ume der Republik d\u00fcrfen nicht als Salon der Rechten missbraucht werden&#8220;, so das B\u00fcndnis abschlie\u00dfend.<\/p>\n<p>Ein kostenfreies Foto zur Verwendung finden Sie zum Download:<br \/>\nhttps:\/\/www.flickr.com\/photos\/gegenrechts\/16144009071\/<\/p>\n<p>R\u00fcckfragen &#038; Kontakt:<\/p>\n<p>Niki Kunrath<br \/>\n06645000799<\/p>\n","protected":false},"excerpt":{"rendered":"<p>Walk of Shame \u2013 Kein Salon dem Rechtsextremismus B\u00fcndnis \u201eJetzt Zeichen setzen\u201c gegen den rechtsextremen \u201eAkademikerball\u201c in der Hofburg Wien (OTS) \u2013 30. Dezember 2014 \u2013 Heute stand das B\u00fcndnis \u201eJetzt Zeichen setzen\u201c im Rahmen ihres Walk of Shame am Wiener Heldenplatz vor der Hofburg, in der in einem Monat der FP\u00d6 \u201eAkademikerball\u201c der schlagenden [\u2026]<\/p>\n","protected":false},"author":1,"featured_media":0,"parent":0,"menu_order":0,"comment_status":"closed","ping_status":"closed","template":"","meta":[],"_links":{"self":[{"href":"http:\/\/www.jetztzeichensetzen.at\/index.php?rest_route=\/wp\/v2\/pages\/941"}],"collection":[{"href":"http:\/\/www.jetztzeichensetzen.at\/index.php?rest_route=\/wp\/v2\/pages"}],"about":[{"href":"http:\/\/www.jetztzeichensetzen.at\/index.php?rest_route=\/wp\/v2\/types\/page"}],"author":[{"embeddable":true,"href":"http:\/\/www.jetztzeichensetzen.at\/index.php?rest_route=\/wp\/v2\/users\/1"}],"replies":[{"embeddable":true,"href":"http:\/\/www.jetztzeichensetzen.at\/index.php?rest_route=%2Fwp%2Fv2%2Fcomments&post=941"}],"version-history":[{"count":4,"href":"http:\/\/www.jetztzeichensetzen.at\/index.php?rest_route=\/wp\/v2\/pages\/941\/revisions"}],"predecessor-version":[{"id":945,"href":"http:\/\/www.jetztzeichensetzen.at\/index.php?rest_route=\/wp\/v2\/pages\/941\/revisions\/945"}],"wp:attachment":[{"href":"http:\/\/www.jetztzeichensetzen.at\/index.php?rest_route=%2Fwp%2Fv2%2Fmedia&parent=941"}],"curies":[{"name":"wp","href":"https:\/\/api.w.org\/{rel}","templated":true}]}}