{"id":961,"date":"2015-01-19T16:30:55","date_gmt":"2015-01-19T16:30:55","guid":{"rendered":"http:\/\/www.jetztzeichensetzen.at\/?page_id=961"},"modified":"2015-01-19T16:34:24","modified_gmt":"2015-01-19T16:34:24","slug":"pressekonferenz-21-1-2015-aviso","status":"publish","type":"page","link":"http:\/\/www.jetztzeichensetzen.at\/?page_id=961","title":{"rendered":"Pressekonferenz 21.1.2015 &#8211; Aviso"},"content":{"rendered":"<p><strong><a href=\"http:\/\/www.ots.at\/presseaussendung\/OTS_20150119_OTS0159\/einladung-pressekonferenz-buendnis-jetzt-zeichen-setzen\">Einladung: Pressekonferenz B\u00fcndnis &#8222;Jetzt Zeichen setzen&#8220;<\/a><br \/>\nKein Salon dem Rechtsextremismus<\/strong><\/p>\n<p>Wien (OTS) &#8211; Wir laden Sie ganz herzlich zur Pressekonferenz von &#8222;Jetzt Zeichen setzen&#8220; zum Thema &#8222;Kein Salon dem Rechtsextremismus&#8220; ein.<\/p>\n<p>mit<br \/>\n<strong><br \/>Dora Schimanko<\/strong>, Holocaust\u00fcberlebende<br \/>\n<br \/><strong>Julia Herr<\/strong>, Verband Sozialische Jugend \u00d6sterreich<br \/>\n<br \/><strong>Viktoria Spielmann<\/strong>, \u00d6sterreichische Hochsch\u00fclerInnenschaft<br \/>\n<br \/><strong>Alexander Pollak<\/strong>, SOS Mitmensch<\/p>\n<p>Niki Kunrath, Moderation<\/p>\n<p><strong><br \/>Caf\u00e9 Stein<br \/>\n<br \/>21. J\u00e4nner 2015, 10:30 Uhr<br \/>\n<br \/>9; W\u00e4hringer Strasse 6-8<br \/><\/strong><\/p>\n<p>Wir stellen im Rahmen der Pressekonferenz die Aktionen von &#8222;Jetzt Zeichen setzen&#8220; am 27. J\u00e4nner 2015 zum Internationalen Holocaust-Gedenktag und am 30. J\u00e4nner 2015 am Heldenplatz zum Protest gegen den FP-Akademikerball vor.<\/p>\n<p>R\u00fcckfragen &#038; Kontakt:<\/p>\n<p>Niki Kunrath<br \/>\n<br \/>0664 5000799<\/p>\n<p>kontakt@jetztzeichensetzen.at<br \/>\nwww.jetztzeichensetzen.at<br \/>\nwww.facebook.com\/jetztzeichensetezen<\/p>\n","protected":false},"excerpt":{"rendered":"<p>Einladung: Pressekonferenz B\u00fcndnis \u201eJetzt Zeichen setzen\u201c Kein Salon dem Rechtsextremismus Wien (OTS) \u2013 Wir laden Sie ganz herzlich zur Pressekonferenz von \u201eJetzt Zeichen setzen\u201c zum Thema \u201eKein Salon dem Rechtsextremismus\u201c ein. mit Dora Schimanko, Holocaust\u00fcberlebende Julia Herr, Verband Sozialische Jugend \u00d6sterreich Viktoria Spielmann, \u00d6sterreichische Hochsch\u00fclerInnenschaft Alexander Pollak, SOS Mitmensch Niki Kunrath, Moderation Caf\u00e9 Stein 21. [\u2026]<\/p>\n","protected":false},"author":1,"featured_media":0,"parent":0,"menu_order":0,"comment_status":"closed","ping_status":"closed","template":"","meta":[],"_links":{"self":[{"href":"http:\/\/www.jetztzeichensetzen.at\/index.php?rest_route=\/wp\/v2\/pages\/961"}],"collection":[{"href":"http:\/\/www.jetztzeichensetzen.at\/index.php?rest_route=\/wp\/v2\/pages"}],"about":[{"href":"http:\/\/www.jetztzeichensetzen.at\/index.php?rest_route=\/wp\/v2\/types\/page"}],"author":[{"embeddable":true,"href":"http:\/\/www.jetztzeichensetzen.at\/index.php?rest_route=\/wp\/v2\/users\/1"}],"replies":[{"embeddable":true,"href":"http:\/\/www.jetztzeichensetzen.at\/index.php?rest_route=%2Fwp%2Fv2%2Fcomments&post=961"}],"version-history":[{"count":13,"href":"http:\/\/www.jetztzeichensetzen.at\/index.php?rest_route=\/wp\/v2\/pages\/961\/revisions"}],"predecessor-version":[{"id":977,"href":"http:\/\/www.jetztzeichensetzen.at\/index.php?rest_route=\/wp\/v2\/pages\/961\/revisions\/977"}],"wp:attachment":[{"href":"http:\/\/www.jetztzeichensetzen.at\/index.php?rest_route=%2Fwp%2Fv2%2Fmedia&parent=961"}],"curies":[{"name":"wp","href":"https:\/\/api.w.org\/{rel}","templated":true}]}}